{"id":11394,"date":"2025-02-21T16:38:47","date_gmt":"2025-02-21T15:38:47","guid":{"rendered":"https:\/\/levmilk.sk\/recipes\/add-your-own-recipe\/"},"modified":"2025-11-26T14:33:53","modified_gmt":"2025-11-26T13:33:53","slug":"add-your-own-recipe","status":"publish","type":"page","link":"https:\/\/levmilk.sk\/en\/recipes\/add-your-own-recipe\/","title":{"rendered":"Add your own recipe"},"content":{"rendered":"\t\t<div data-elementor-type=\"wp-page\" data-elementor-id=\"11394\" class=\"elementor elementor-11394 elementor-6966\" data-elementor-post-type=\"page\">\n\t\t\t\t<div data-dce-background-overlay-image-url=\"https:\/\/levmilk.sk\/wp-content\/uploads\/2025\/02\/newbg1-1.webp\" class=\"elementor-element elementor-element-cfdef49 e-flex e-con-boxed e-con e-parent\" data-id=\"cfdef49\" data-element_type=\"container\" data-e-type=\"container\" data-settings=\"{&quot;background_background&quot;:&quot;gradient&quot;}\">\n\t\t\t\t\t<div class=\"e-con-inner\">\n\t\t\t\t<div class=\"elementor-element elementor-element-551494d elementor-widget elementor-widget-heading\" data-id=\"551494d\" data-element_type=\"widget\" data-e-type=\"widget\" data-widget_type=\"heading.default\">\n\t\t\t\t<div class=\"elementor-widget-container\">\n\t\t\t\t\t<h2 class=\"elementor-heading-title elementor-size-default\">Share your recipes <br>with our products<\/h2>\t\t\t\t<\/div>\n\t\t\t\t<\/div>\n\t\t\t\t<div class=\"elementor-element elementor-element-33d7be4 elementor-button-align-stretch elementor-widget elementor-widget-form\" data-id=\"33d7be4\" data-element_type=\"widget\" data-e-type=\"widget\" id=\"recepty_form\" data-settings=\"{&quot;step_next_label&quot;:&quot;Next&quot;,&quot;step_previous_label&quot;:&quot;Previous&quot;,&quot;button_width&quot;:&quot;100&quot;,&quot;dce_confirm_dialog_enabled&quot;:&quot;no&quot;,&quot;step_type&quot;:&quot;number_text&quot;,&quot;step_icon_shape&quot;:&quot;circle&quot;,&quot;label_icon_size&quot;:{&quot;unit&quot;:&quot;px&quot;,&quot;size&quot;:&quot;&quot;,&quot;sizes&quot;:[]},&quot;field_icon_size&quot;:{&quot;unit&quot;:&quot;px&quot;,&quot;size&quot;:&quot;&quot;,&quot;sizes&quot;:[]}}\" data-widget_type=\"form.default\">\n\t\t\t\t<div class=\"elementor-widget-container\">\n\t\t\t\t\t\t\t<form class=\"elementor-form\" method=\"post\" name=\"recepty_form\" aria-label=\"recepty_form\">\n\t\t\t<input type=\"hidden\" name=\"post_id\" value=\"11394\"\/>\n\t\t\t<input type=\"hidden\" name=\"form_id\" value=\"33d7be4\"\/>\n\t\t\t<input type=\"hidden\" name=\"referer_title\" value=\"Levmilk | LEVICK\u00c9 MLIEK\u00c1RNE a.s.\" \/>\n\n\t\t\t\n\t\t\t<div class=\"elementor-form-fields-wrapper elementor-labels-above\">\n\t\t\t\t\t\t\t\t<div class=\"elementor-field-type-text elementor-field-group elementor-column elementor-field-group-nazov elementor-col-100 elementor-field-required elementor-mark-required\">\n\t\t\t\t\t\t\t\t\t\t\t\t<label for=\"form-field-nazov\" class=\"elementor-field-label\">\n\t\t\t\t\t\t\t\tYour recipe title\t\t\t\t\t\t\t<\/label>\n\t\t\t\t\t\t\t\t\t\t\t\t\t\t<input size=\"1\" type=\"text\" name=\"form_fields[nazov]\" id=\"form-field-nazov\" class=\"elementor-field elementor-size-sm  elementor-field-textual\" placeholder=\"e.g., Curd Cheese Snails \" required=\"required\">\n\t\t\t\t\t\t\t\t\t\t\t<\/div>\n\t\t\t\t\t\t\t\t<div class=\"elementor-field-type-select elementor-field-group elementor-column elementor-field-group-typ elementor-col-100 elementor-field-required elementor-mark-required\">\n\t\t\t\t\t\t\t\t\t\t\t\t<label for=\"form-field-typ\" class=\"elementor-field-label\">\n\t\t\t\t\t\t\t\tThis recipe is best suited for:\t\t\t\t\t\t\t<\/label>\n\t\t\t\t\t\t\t\t<div class=\"elementor-field elementor-select-wrapper remove-before \">\n\t\t\t<div class=\"select-caret-down-wrapper\">\n\t\t\t\t<svg aria-hidden=\"true\" class=\"e-font-icon-svg e-eicon-caret-down\" viewBox=\"0 0 571.4 571.4\" xmlns=\"http:\/\/www.w3.org\/2000\/svg\"><path d=\"M571 393Q571 407 561 418L311 668Q300 679 286 679T261 668L11 418Q0 407 0 393T11 368 36 357H536Q550 357 561 368T571 393Z\"><\/path><\/svg>\t\t\t<\/div>\n\t\t\t<select name=\"form_fields[typ]\" id=\"form-field-typ\" class=\"elementor-field-textual elementor-size-sm\" required=\"required\">\n\t\t\t\t\t\t\t\t\t<option value=\"Breakfast\">Breakfast<\/option>\n\t\t\t\t\t\t\t\t\t<option value=\"Snack\">Snack<\/option>\n\t\t\t\t\t\t\t\t\t<option value=\"Lunch\">Lunch<\/option>\n\t\t\t\t\t\t\t\t\t<option value=\"Desserts\">Desserts<\/option>\n\t\t\t\t\t\t\t\t\t<option value=\"Dinner\">Dinner<\/option>\n\t\t\t\t\t\t\t\t\t<option value=\"Celebration\">Celebration<\/option>\n\t\t\t\t\t\t\t<\/select>\n\t\t<\/div>\n\t\t\t\t\t\t<\/div>\n\t\t\t\t\t\t\t\t<div class=\"elementor-field-type-textarea elementor-field-group elementor-column elementor-field-group-Ingrediencie elementor-col-100 elementor-field-required elementor-mark-required\">\n\t\t\t\t\t\t\t\t\t\t\t\t<label for=\"form-field-Ingrediencie\" class=\"elementor-field-label\">\n\t\t\t\t\t\t\t\tIngredients\t\t\t\t\t\t\t<\/label>\n\t\t\t\t\t\t<textarea class=\"elementor-field-textual elementor-field  elementor-size-sm\" name=\"form_fields[Ingrediencie]\" id=\"form-field-Ingrediencie\" rows=\"6\" placeholder=\"Add each item to a new line\" required=\"required\"><\/textarea>\t\t\t\t<\/div>\n\t\t\t\t\t\t\t\t<div class=\"elementor-field-type-textarea elementor-field-group elementor-column elementor-field-group-postup elementor-col-100 elementor-field-required elementor-mark-required\">\n\t\t\t\t\t\t\t\t\t\t\t\t<label for=\"form-field-postup\" class=\"elementor-field-label\">\n\t\t\t\t\t\t\t\tInstructions\t\t\t\t\t\t\t<\/label>\n\t\t\t\t\t\t<textarea class=\"elementor-field-textual elementor-field  elementor-size-sm\" name=\"form_fields[postup]\" id=\"form-field-postup\" rows=\"6\" placeholder=\"Describe the preparation process\" required=\"required\"><\/textarea>\t\t\t\t<\/div>\n\t\t\t\t\t\t\t\t<div class=\"elementor-field-type-select elementor-field-group elementor-column elementor-field-group-cas_pripravy elementor-col-50 elementor-field-required elementor-mark-required\">\n\t\t\t\t\t\t\t\t\t\t\t\t<label for=\"form-field-cas_pripravy\" class=\"elementor-field-label\" dce-icon-render=\"&lt;i aria-hidden=&quot;true&quot; class=&quot;label-icons dce-form-icon icon icon-countdown-timer&quot;&gt;&lt;\/i&gt; Preparation time\">\n\t\t\t\t\t\t\t\tPreparation time\t\t\t\t\t\t\t<\/label>\n\t\t\t\t\t\t\t\t<div class=\"elementor-field elementor-select-wrapper remove-before \">\n\t\t\t<div class=\"select-caret-down-wrapper\">\n\t\t\t\t<svg aria-hidden=\"true\" class=\"e-font-icon-svg e-eicon-caret-down\" viewBox=\"0 0 571.4 571.4\" xmlns=\"http:\/\/www.w3.org\/2000\/svg\"><path d=\"M571 393Q571 407 561 418L311 668Q300 679 286 679T261 668L11 418Q0 407 0 393T11 368 36 357H536Q550 357 561 368T571 393Z\"><\/path><\/svg>\t\t\t<\/div>\n\t\t\t<select name=\"form_fields[cas_pripravy]\" id=\"form-field-cas_pripravy\" class=\"elementor-field-textual elementor-size-sm\" required=\"required\">\n\t\t\t\t\t\t\t\t\t<option value=\"5 min\">5 min<\/option>\n\t\t\t\t\t\t\t\t\t<option value=\"10 min\">10 min<\/option>\n\t\t\t\t\t\t\t\t\t<option value=\"15 min\">15 min<\/option>\n\t\t\t\t\t\t\t\t\t<option value=\"20 min\">20 min<\/option>\n\t\t\t\t\t\t\t\t\t<option value=\"25 min\">25 min<\/option>\n\t\t\t\t\t\t\t\t\t<option value=\"30 min\">30 min<\/option>\n\t\t\t\t\t\t\t\t\t<option value=\"35 min\">35 min<\/option>\n\t\t\t\t\t\t\t\t\t<option value=\"40 min\">40 min<\/option>\n\t\t\t\t\t\t\t\t\t<option value=\"45 min\">45 min<\/option>\n\t\t\t\t\t\t\t\t\t<option value=\"50 min\">50 min<\/option>\n\t\t\t\t\t\t\t\t\t<option value=\"55 min\">55 min<\/option>\n\t\t\t\t\t\t\t\t\t<option value=\"1 hr\">1 hr<\/option>\n\t\t\t\t\t\t\t\t\t<option value=\"1 hr 5 min\">1 hr 5 min<\/option>\n\t\t\t\t\t\t\t\t\t<option value=\"1 hr 10 min\">1 hr 10 min<\/option>\n\t\t\t\t\t\t\t\t\t<option value=\"1 hr 15 min\">1 hr 15 min<\/option>\n\t\t\t\t\t\t\t\t\t<option value=\"1 hr 20 min\">1 hr 20 min<\/option>\n\t\t\t\t\t\t\t\t\t<option value=\"1 hr 25 min\">1 hr 25 min<\/option>\n\t\t\t\t\t\t\t\t\t<option value=\"1 hr 30 min\">1 hr 30 min<\/option>\n\t\t\t\t\t\t\t\t\t<option value=\"1 hr 35 min\">1 hr 35 min<\/option>\n\t\t\t\t\t\t\t\t\t<option value=\"1 hr 40 min\">1 hr 40 min<\/option>\n\t\t\t\t\t\t\t\t\t<option value=\"1 hr 45 min\">1 hr 45 min<\/option>\n\t\t\t\t\t\t\t\t\t<option value=\"1 hr 50 min\">1 hr 50 min<\/option>\n\t\t\t\t\t\t\t\t\t<option value=\"1 hr 55 min\">1 hr 55 min<\/option>\n\t\t\t\t\t\t\t\t\t<option value=\"2 hrs\">2 hrs<\/option>\n\t\t\t\t\t\t\t\t\t<option value=\"2 hrs 5 min\">2 hrs 5 min<\/option>\n\t\t\t\t\t\t\t\t\t<option value=\"2 hrs 10 min\">2 hrs 10 min<\/option>\n\t\t\t\t\t\t\t\t\t<option value=\"2 hrs 15 min\">2 hrs 15 min<\/option>\n\t\t\t\t\t\t\t\t\t<option value=\"2 hrs 20 min\">2 hrs 20 min<\/option>\n\t\t\t\t\t\t\t\t\t<option value=\"2 hrs 25 min\">2 hrs 25 min<\/option>\n\t\t\t\t\t\t\t\t\t<option value=\"2 hrs 30 min\">2 hrs 30 min<\/option>\n\t\t\t\t\t\t\t\t\t<option value=\"2 hrs 35 min\">2 hrs 35 min<\/option>\n\t\t\t\t\t\t\t\t\t<option value=\"2 hrs 40 min\">2 hrs 40 min<\/option>\n\t\t\t\t\t\t\t\t\t<option value=\"2 hrs 45 min\">2 hrs 45 min<\/option>\n\t\t\t\t\t\t\t\t\t<option value=\"2 hrs 50 min\">2 hrs 50 min<\/option>\n\t\t\t\t\t\t\t\t\t<option value=\"2 hrs 55 min\">2 hrs 55 min<\/option>\n\t\t\t\t\t\t\t\t\t<option value=\"3 hrs\">3 hrs<\/option>\n\t\t\t\t\t\t\t<\/select>\n\t\t<\/div>\n\t\t\t\t\t\t<\/div>\n\t\t\t\t\t\t\t\t<div class=\"elementor-field-type-select elementor-field-group elementor-column elementor-field-group-porcie elementor-col-50 elementor-field-required elementor-mark-required\">\n\t\t\t\t\t\t\t\t\t\t\t\t<label for=\"form-field-porcie\" class=\"elementor-field-label\" dce-icon-render=\"&lt;i aria-hidden=&quot;true&quot; class=&quot;label-icons dce-form-icon icon icon-users1&quot;&gt;&lt;\/i&gt; Servings\">\n\t\t\t\t\t\t\t\tServings\t\t\t\t\t\t\t<\/label>\n\t\t\t\t\t\t\t\t<div class=\"elementor-field elementor-select-wrapper remove-before \">\n\t\t\t<div class=\"select-caret-down-wrapper\">\n\t\t\t\t<svg aria-hidden=\"true\" class=\"e-font-icon-svg e-eicon-caret-down\" viewBox=\"0 0 571.4 571.4\" xmlns=\"http:\/\/www.w3.org\/2000\/svg\"><path d=\"M571 393Q571 407 561 418L311 668Q300 679 286 679T261 668L11 418Q0 407 0 393T11 368 36 357H536Q550 357 561 368T571 393Z\"><\/path><\/svg>\t\t\t<\/div>\n\t\t\t<select name=\"form_fields[porcie]\" id=\"form-field-porcie\" class=\"elementor-field-textual elementor-size-sm\" required=\"required\">\n\t\t\t\t\t\t\t\t\t<option value=\"1 serving\">1 serving<\/option>\n\t\t\t\t\t\t\t\t\t<option value=\"2 servings\">2 servings<\/option>\n\t\t\t\t\t\t\t\t\t<option value=\"3 servings\">3 servings<\/option>\n\t\t\t\t\t\t\t\t\t<option value=\"4 servings\">4 servings<\/option>\n\t\t\t\t\t\t\t\t\t<option value=\"5 servings\">5 servings<\/option>\n\t\t\t\t\t\t\t\t\t<option value=\"6 servings\">6 servings<\/option>\n\t\t\t\t\t\t\t<\/select>\n\t\t<\/div>\n\t\t\t\t\t\t<\/div>\n\t\t\t\t\t\t\t\t<div class=\"elementor-field-type-upload elementor-field-group elementor-column elementor-field-group-fotka elementor-col-50 elementor-field-required elementor-mark-required\">\n\t\t\t\t\t\t\t\t\t\t\t\t<label for=\"form-field-fotka\" class=\"elementor-field-label\">\n\t\t\t\t\t\t\t\tPhoto of the finished dish (required)\t\t\t\t\t\t\t<\/label>\n\t\t\t\t\t\t\t\t<input type=\"file\" name=\"form_fields[fotka]\" id=\"form-field-fotka\" class=\"elementor-field elementor-size-sm  elementor-upload-field\" required=\"required\" data-maxsize=\"10\" data-maxsize-message=\"This file exceeds the maximum allowed size.\">\n\n\t\t\t\t\t\t<\/div>\n\t\t\t\t\t\t\t\t<div class=\"elementor-field-type-upload elementor-field-group elementor-column elementor-field-group-dalsie_foto elementor-col-50\">\n\t\t\t\t\t\t\t\t\t\t\t\t<label for=\"form-field-dalsie_foto\" class=\"elementor-field-label\">\n\t\t\t\t\t\t\t\tAdditional photos (maximum 3 photos - optional)\t\t\t\t\t\t\t<\/label>\n\t\t\t\t\t\t\t\t<input type=\"file\" name=\"form_fields[dalsie_foto][]\" id=\"form-field-dalsie_foto\" class=\"elementor-field elementor-size-sm  elementor-upload-field\" multiple=\"multiple\" data-maxsize=\"15\" data-maxsize-message=\"This file exceeds the maximum allowed size.\">\n\n\t\t\t\t\t\t<\/div>\n\t\t\t\t\t\t\t\t<div class=\"elementor-field-group elementor-column elementor-field-type-submit elementor-col-100 e-form__buttons\">\n\t\t\t\t\t<button class=\"elementor-button elementor-size-sm elementor-animation-grow\" type=\"submit\">\n\t\t\t\t\t\t<span class=\"elementor-button-content-wrapper\">\n\t\t\t\t\t\t\t\t\t\t\t\t\t\t\t\t\t\t\t\t\t\t<span class=\"elementor-button-text\">Submit recipe<\/span>\n\t\t\t\t\t\t\t\t\t\t\t\t\t<\/span>\n\t\t\t\t\t<\/button>\n\t\t\t\t<\/div>\n\t\t\t<\/div>\n\t\t<\/form>\n\t\t<style>.elementor-element.elementor-element-33d7be4 .elementor-field-group { align-self: flex-start; }<\/style>\t\t\t\t<\/div>\n\t\t\t\t<\/div>\n\t\t\t\t<div class=\"elementor-element elementor-element-0e100ef elementor-widget elementor-widget-html\" data-id=\"0e100ef\" data-element_type=\"widget\" data-e-type=\"widget\" data-widget_type=\"html.default\">\n\t\t\t\t<div class=\"elementor-widget-container\">\n\t\t\t\t\t\n<div id=\"recept-preloader\" style=\"display:none ; text-align: center;padding-top:25%;\">\n    <div class=\"loader\"><\/div>\n    <p>Recipe is uploading, please wait...<\/p>\n<\/div>\n<script>\n   document.addEventListener(\"DOMContentLoaded\", function() {\n    let form = document.querySelector(\".elementor-form\"); \/\/ Vyberie formul\u00e1r\n    let submitButton = form.querySelector(\"button[type='submit']\");\n    let preloader = document.getElementById(\"recept-preloader\");\n\n    form.addEventListener(\"submit\", function() {\n        preloader.style.display = \"block\"; \/\/ Zobraz\u00ed preloader\n        submitButton.disabled = true; \/\/ Zablokuje tla\u010didlo\n\n        \/\/ Po odoslan\u00ed \u010dak\u00e1me, k\u00fdm Elementor zobraz\u00ed spr\u00e1vu o \u00faspechu\n        let observer = new MutationObserver(function(mutations) {\n            mutations.forEach(function(mutation) {\n                if (mutation.addedNodes.length) {\n                    let successMessage = form.querySelector(\".elementor-message-success\");\n                    if (successMessage) {\n                        preloader.style.display = \"none\"; \/\/ Skryje preloader\n                        submitButton.disabled = false; \/\/ Odblokuje tla\u010didlo\n                        observer.disconnect(); \/\/ Zastav\u00ed sledovanie zmien\n                    }\n                }\n            });\n        });\n\n        observer.observe(form, { childList: true, subtree: true }); \/\/ Sleduje zmeny vo formul\u00e1ri\n    });\n});\n\n<\/script>\t\t\t\t<\/div>\n\t\t\t\t<\/div>\n\t\t\t\t\t<\/div>\n\t\t\t\t<\/div>\n\t\t\t\t<\/div>\n\t\t","protected":false},"excerpt":{"rendered":"<p>Share your recipes with our products Recipe is uploading, please wait&#8230;<\/p>\n","protected":false},"author":1,"featured_media":0,"parent":11332,"menu_order":0,"comment_status":"closed","ping_status":"closed","template":"","meta":{"_acf_changed":false,"footnotes":""},"class_list":["post-11394","page","type-page","status-publish","hentry"],"acf":[],"yoast_head":"<!-- This site is optimized with the Yoast SEO plugin v27.4 - https:\/\/yoast.com\/product\/yoast-seo-wordpress\/ -->\n<title>Add your own recipe - Levmilk | LEVICK\u00c9 MLIEK\u00c1RNE a.s.<\/title>\n<meta name=\"robots\" content=\"index, follow, max-snippet:-1, max-image-preview:large, max-video-preview:-1\" \/>\n<link rel=\"canonical\" href=\"https:\/\/levmilk.sk\/en\/recipes\/add-your-own-recipe\/\" \/>\n<meta property=\"og:locale\" content=\"en_US\" \/>\n<meta property=\"og:type\" content=\"article\" \/>\n<meta property=\"og:title\" content=\"Add your own recipe - Levmilk | LEVICK\u00c9 MLIEK\u00c1RNE a.s.\" \/>\n<meta property=\"og:description\" content=\"Share your recipes with our products Recipe is uploading, please wait&#8230;\" \/>\n<meta property=\"og:url\" content=\"https:\/\/levmilk.sk\/en\/recipes\/add-your-own-recipe\/\" \/>\n<meta property=\"og:site_name\" content=\"Levmilk | LEVICK\u00c9 MLIEK\u00c1RNE a.s.\" \/>\n<meta property=\"article:publisher\" content=\"https:\/\/www.facebook.com\/levickemliekarne\/\" \/>\n<meta property=\"article:modified_time\" content=\"2025-11-26T13:33:53+00:00\" \/>\n<meta name=\"twitter:card\" content=\"summary_large_image\" \/>\n<script type=\"application\/ld+json\" class=\"yoast-schema-graph\">{\"@context\":\"https:\\\/\\\/schema.org\",\"@graph\":[{\"@type\":\"WebPage\",\"@id\":\"https:\\\/\\\/levmilk.sk\\\/en\\\/recipes\\\/add-your-own-recipe\\\/\",\"url\":\"https:\\\/\\\/levmilk.sk\\\/en\\\/recipes\\\/add-your-own-recipe\\\/\",\"name\":\"Add your own recipe - Levmilk | LEVICK\u00c9 MLIEK\u00c1RNE a.s.\",\"isPartOf\":{\"@id\":\"https:\\\/\\\/levmilk.sk\\\/en\\\/#website\"},\"datePublished\":\"2025-02-21T15:38:47+00:00\",\"dateModified\":\"2025-11-26T13:33:53+00:00\",\"breadcrumb\":{\"@id\":\"https:\\\/\\\/levmilk.sk\\\/en\\\/recipes\\\/add-your-own-recipe\\\/#breadcrumb\"},\"inLanguage\":\"en-US\",\"potentialAction\":[{\"@type\":\"ReadAction\",\"target\":[\"https:\\\/\\\/levmilk.sk\\\/en\\\/recipes\\\/add-your-own-recipe\\\/\"]}]},{\"@type\":\"BreadcrumbList\",\"@id\":\"https:\\\/\\\/levmilk.sk\\\/en\\\/recipes\\\/add-your-own-recipe\\\/#breadcrumb\",\"itemListElement\":[{\"@type\":\"ListItem\",\"position\":1,\"name\":\"Domovsk\u00e1 str\u00e1nka\",\"item\":\"https:\\\/\\\/levmilk.sk\\\/en\\\/\"},{\"@type\":\"ListItem\",\"position\":2,\"name\":\"Recipes\",\"item\":\"https:\\\/\\\/levmilk.sk\\\/en\\\/recipes\\\/\"},{\"@type\":\"ListItem\",\"position\":3,\"name\":\"Add your own recipe\"}]},{\"@type\":\"WebSite\",\"@id\":\"https:\\\/\\\/levmilk.sk\\\/en\\\/#website\",\"url\":\"https:\\\/\\\/levmilk.sk\\\/en\\\/\",\"name\":\"Levmilk\",\"description\":\"\",\"publisher\":{\"@id\":\"https:\\\/\\\/levmilk.sk\\\/en\\\/#organization\"},\"potentialAction\":[{\"@type\":\"SearchAction\",\"target\":{\"@type\":\"EntryPoint\",\"urlTemplate\":\"https:\\\/\\\/levmilk.sk\\\/en\\\/?s={search_term_string}\"},\"query-input\":{\"@type\":\"PropertyValueSpecification\",\"valueRequired\":true,\"valueName\":\"search_term_string\"}}],\"inLanguage\":\"en-US\"},{\"@type\":\"Organization\",\"@id\":\"https:\\\/\\\/levmilk.sk\\\/en\\\/#organization\",\"name\":\"LEVICK\u00c9 MLIEK\u00c1RNE a.s.\",\"url\":\"https:\\\/\\\/levmilk.sk\\\/en\\\/\",\"logo\":{\"@type\":\"ImageObject\",\"inLanguage\":\"en-US\",\"@id\":\"https:\\\/\\\/levmilk.sk\\\/en\\\/#\\\/schema\\\/logo\\\/image\\\/\",\"url\":\"https:\\\/\\\/levmilk.sk\\\/wp-content\\\/uploads\\\/2025\\\/02\\\/logo-levmilk-bright.svg\",\"contentUrl\":\"https:\\\/\\\/levmilk.sk\\\/wp-content\\\/uploads\\\/2025\\\/02\\\/logo-levmilk-bright.svg\",\"caption\":\"LEVICK\u00c9 MLIEK\u00c1RNE a.s.\"},\"image\":{\"@id\":\"https:\\\/\\\/levmilk.sk\\\/en\\\/#\\\/schema\\\/logo\\\/image\\\/\"},\"sameAs\":[\"https:\\\/\\\/www.facebook.com\\\/levickemliekarne\\\/\",\"https:\\\/\\\/www.instagram.com\\\/levmilk\\\/\",\"https:\\\/\\\/www.youtube.com\\\/channel\\\/UCVHLqQlAiWGTtBhAIG1gxpw\\\/videos\"]}]}<\/script>\n<!-- \/ Yoast SEO plugin. -->","yoast_head_json":{"title":"Add your own recipe - Levmilk | LEVICK\u00c9 MLIEK\u00c1RNE a.s.","robots":{"index":"index","follow":"follow","max-snippet":"max-snippet:-1","max-image-preview":"max-image-preview:large","max-video-preview":"max-video-preview:-1"},"canonical":"https:\/\/levmilk.sk\/en\/recipes\/add-your-own-recipe\/","og_locale":"en_US","og_type":"article","og_title":"Add your own recipe - Levmilk | LEVICK\u00c9 MLIEK\u00c1RNE a.s.","og_description":"Share your recipes with our products Recipe is uploading, please wait&#8230;","og_url":"https:\/\/levmilk.sk\/en\/recipes\/add-your-own-recipe\/","og_site_name":"Levmilk | LEVICK\u00c9 MLIEK\u00c1RNE a.s.","article_publisher":"https:\/\/www.facebook.com\/levickemliekarne\/","article_modified_time":"2025-11-26T13:33:53+00:00","twitter_card":"summary_large_image","schema":{"@context":"https:\/\/schema.org","@graph":[{"@type":"WebPage","@id":"https:\/\/levmilk.sk\/en\/recipes\/add-your-own-recipe\/","url":"https:\/\/levmilk.sk\/en\/recipes\/add-your-own-recipe\/","name":"Add your own recipe - Levmilk | LEVICK\u00c9 MLIEK\u00c1RNE a.s.","isPartOf":{"@id":"https:\/\/levmilk.sk\/en\/#website"},"datePublished":"2025-02-21T15:38:47+00:00","dateModified":"2025-11-26T13:33:53+00:00","breadcrumb":{"@id":"https:\/\/levmilk.sk\/en\/recipes\/add-your-own-recipe\/#breadcrumb"},"inLanguage":"en-US","potentialAction":[{"@type":"ReadAction","target":["https:\/\/levmilk.sk\/en\/recipes\/add-your-own-recipe\/"]}]},{"@type":"BreadcrumbList","@id":"https:\/\/levmilk.sk\/en\/recipes\/add-your-own-recipe\/#breadcrumb","itemListElement":[{"@type":"ListItem","position":1,"name":"Domovsk\u00e1 str\u00e1nka","item":"https:\/\/levmilk.sk\/en\/"},{"@type":"ListItem","position":2,"name":"Recipes","item":"https:\/\/levmilk.sk\/en\/recipes\/"},{"@type":"ListItem","position":3,"name":"Add your own recipe"}]},{"@type":"WebSite","@id":"https:\/\/levmilk.sk\/en\/#website","url":"https:\/\/levmilk.sk\/en\/","name":"Levmilk","description":"","publisher":{"@id":"https:\/\/levmilk.sk\/en\/#organization"},"potentialAction":[{"@type":"SearchAction","target":{"@type":"EntryPoint","urlTemplate":"https:\/\/levmilk.sk\/en\/?s={search_term_string}"},"query-input":{"@type":"PropertyValueSpecification","valueRequired":true,"valueName":"search_term_string"}}],"inLanguage":"en-US"},{"@type":"Organization","@id":"https:\/\/levmilk.sk\/en\/#organization","name":"LEVICK\u00c9 MLIEK\u00c1RNE a.s.","url":"https:\/\/levmilk.sk\/en\/","logo":{"@type":"ImageObject","inLanguage":"en-US","@id":"https:\/\/levmilk.sk\/en\/#\/schema\/logo\/image\/","url":"https:\/\/levmilk.sk\/wp-content\/uploads\/2025\/02\/logo-levmilk-bright.svg","contentUrl":"https:\/\/levmilk.sk\/wp-content\/uploads\/2025\/02\/logo-levmilk-bright.svg","caption":"LEVICK\u00c9 MLIEK\u00c1RNE a.s."},"image":{"@id":"https:\/\/levmilk.sk\/en\/#\/schema\/logo\/image\/"},"sameAs":["https:\/\/www.facebook.com\/levickemliekarne\/","https:\/\/www.instagram.com\/levmilk\/","https:\/\/www.youtube.com\/channel\/UCVHLqQlAiWGTtBhAIG1gxpw\/videos"]}]}},"_links":{"self":[{"href":"https:\/\/levmilk.sk\/en\/wp-json\/wp\/v2\/pages\/11394","targetHints":{"allow":["GET"]}}],"collection":[{"href":"https:\/\/levmilk.sk\/en\/wp-json\/wp\/v2\/pages"}],"about":[{"href":"https:\/\/levmilk.sk\/en\/wp-json\/wp\/v2\/types\/page"}],"author":[{"embeddable":true,"href":"https:\/\/levmilk.sk\/en\/wp-json\/wp\/v2\/users\/1"}],"replies":[{"embeddable":true,"href":"https:\/\/levmilk.sk\/en\/wp-json\/wp\/v2\/comments?post=11394"}],"version-history":[{"count":0,"href":"https:\/\/levmilk.sk\/en\/wp-json\/wp\/v2\/pages\/11394\/revisions"}],"up":[{"embeddable":true,"href":"https:\/\/levmilk.sk\/en\/wp-json\/wp\/v2\/pages\/11332"}],"wp:attachment":[{"href":"https:\/\/levmilk.sk\/en\/wp-json\/wp\/v2\/media?parent=11394"}],"curies":[{"name":"wp","href":"https:\/\/api.w.org\/{rel}","templated":true}]}}