{"id":11459,"date":"2025-02-13T17:09:50","date_gmt":"2025-02-13T16:09:50","guid":{"rendered":"https:\/\/levmilk.sk\/produkt\/tekov-smoked-cheese-for-frying-1kg\/"},"modified":"2025-02-13T17:09:50","modified_gmt":"2025-02-13T16:09:50","slug":"tekov-smoked-cheese-for-frying-1kg","status":"publish","type":"product","link":"https:\/\/levmilk.sk\/en\/produkt\/tekov-smoked-cheese-for-frying-1kg\/","title":{"rendered":"TEKOV SMOKED CHEESE FOR FRYING 1kg"},"content":{"rendered":"<div class=\"hmotnost-dlha\">approx. 1 kg<\/div>\n<div><\/div>\n<p>TEKOV SPECIAL CHEESE FOR FRYING is a natural, unripened Slovak cheese, handmade specifically for frying without the need for a thick breading, to highlight the fresh, squeaky taste of this quality cheese. Just like all our natural cheeses, these are also made exclusively from milk from farmers in the Tekov region. <\/p>\n<div class=\"zlozenie-nadpis\">Product ingredients:<\/div>\n<div class=\"zlozenie\">pasteurized <strong>milk<\/strong>, edible salt max 2.5%, stabilizer: calcium chloride, rennet, dairy cultures<\/div>\n<div><\/div>\n<table class=\"tabulka\">\n<thead>\n<tr>\n<th>Nutrition facts table per 100g<\/th>\n<th><\/th>\n<th>* % RI<\/th>\n<\/tr>\n<\/thead>\n<tbody>\n<tr>\n<td>Energy<\/td>\n<td>1411 kJ \/ 340 kcal<\/td>\n<td>17<\/td>\n<\/tr>\n<\/tbody>\n<tbody>\n<tr>\n<td>Fat<\/td>\n<td>26 g<\/td>\n<td>37<\/td>\n<\/tr>\n<\/tbody>\n<tbody>\n<tr>\n<td>Of which saturates<\/td>\n<td>17 g<\/td>\n<td>85<\/td>\n<\/tr>\n<\/tbody>\n<tbody>\n<tr>\n<td>Carbohydrates<\/td>\n<td>2.5 g<\/td>\n<td>1<\/td>\n<\/tr>\n<\/tbody>\n<tbody>\n<tr>\n<td>Of which sugars<\/td>\n<td>&lt;0.5 g<\/td>\n<td>&lt;1<\/td>\n<\/tr>\n<\/tbody>\n<tbody>\n<tr>\n<td>Protein<\/td>\n<td>25 g<\/td>\n<td>50<\/td>\n<\/tr>\n<\/tbody>\n<tbody>\n<tr>\n<td>Salt<\/td>\n<td>1.6 g<\/td>\n<td>27<\/td>\n<\/tr>\n<\/tbody>\n<\/table>\n<div><\/div>\n<div class=\"zlozenie-nadpis\">Logistic data:<\/div>\n<div class=\"zlozenie\">EAN:261364, Shelf life: 40 days, Pack size: 6 pcs\/carton<\/div>\n","protected":false},"excerpt":{"rendered":"<p>approx. 1 kg TEKOV SPECIAL CHEESE FOR FRYING is a natural, unripened Slovak cheese, handmade specifically for frying without the need for a thick breading, to highlight the fresh, squeaky taste of this quality cheese. Just like all our natural cheeses, these are also made exclusively from milk from farmers in the Tekov region. Product [&hellip;]<\/p>\n","protected":false},"featured_media":10304,"template":"","meta":{"_acf_changed":false},"product_brand":[],"product_cat":[85],"product_tag":[86,87],"class_list":{"0":"post-11459","1":"product","2":"type-product","3":"status-publish","4":"has-post-thumbnail","6":"product_cat-natural-cheeses","7":"product_tag-blue","8":"product_tag-farba-prirodne-syry","10":"first","11":"instock","12":"shipping-taxable","13":"product-type-simple"},"acf":[],"yoast_head":"<!-- This site is optimized with the Yoast SEO plugin v27.4 - https:\/\/yoast.com\/product\/yoast-seo-wordpress\/ -->\n<title>TEKOV SMOKED CHEESE FOR FRYING 1kg - Levmilk | LEVICK\u00c9 MLIEK\u00c1RNE a.s.<\/title>\n<meta name=\"robots\" content=\"index, follow, max-snippet:-1, max-image-preview:large, max-video-preview:-1\" \/>\n<link rel=\"canonical\" href=\"https:\/\/levmilk.sk\/en\/produkt\/tekov-smoked-cheese-for-frying-1kg\/\" \/>\n<meta property=\"og:locale\" content=\"en_US\" \/>\n<meta property=\"og:type\" content=\"article\" \/>\n<meta property=\"og:title\" content=\"TEKOV SMOKED CHEESE FOR FRYING 1kg - Levmilk | LEVICK\u00c9 MLIEK\u00c1RNE a.s.\" \/>\n<meta property=\"og:description\" content=\"approx. 1 kg TEKOV SPECIAL CHEESE FOR FRYING is a natural, unripened Slovak cheese, handmade specifically for frying without the need for a thick breading, to highlight the fresh, squeaky taste of this quality cheese. Just like all our natural cheeses, these are also made exclusively from milk from farmers in the Tekov region. Product [&hellip;]\" \/>\n<meta property=\"og:url\" content=\"https:\/\/levmilk.sk\/en\/produkt\/tekov-smoked-cheese-for-frying-1kg\/\" \/>\n<meta property=\"og:site_name\" content=\"Levmilk | LEVICK\u00c9 MLIEK\u00c1RNE a.s.\" \/>\n<meta property=\"article:publisher\" content=\"https:\/\/www.facebook.com\/levickemliekarne\/\" \/>\n<meta property=\"og:image\" content=\"https:\/\/levmilk.sk\/wp-content\/uploads\/2025\/02\/TEKOV-Syr-na-vyprazanie-udeny-1-kg.webp\" \/>\n\t<meta property=\"og:image:width\" content=\"700\" \/>\n\t<meta property=\"og:image:height\" content=\"700\" \/>\n\t<meta property=\"og:image:type\" content=\"image\/webp\" \/>\n<meta name=\"twitter:card\" content=\"summary_large_image\" \/>\n<meta name=\"twitter:label1\" content=\"Est. reading time\" \/>\n\t<meta name=\"twitter:data1\" content=\"1 minute\" \/>\n<script type=\"application\/ld+json\" class=\"yoast-schema-graph\">{\"@context\":\"https:\\\/\\\/schema.org\",\"@graph\":[{\"@type\":\"WebPage\",\"@id\":\"https:\\\/\\\/levmilk.sk\\\/en\\\/produkt\\\/tekov-smoked-cheese-for-frying-1kg\\\/\",\"url\":\"https:\\\/\\\/levmilk.sk\\\/en\\\/produkt\\\/tekov-smoked-cheese-for-frying-1kg\\\/\",\"name\":\"TEKOV SMOKED CHEESE FOR FRYING 1kg - Levmilk | LEVICK\u00c9 MLIEK\u00c1RNE a.s.\",\"isPartOf\":{\"@id\":\"https:\\\/\\\/levmilk.sk\\\/en\\\/#website\"},\"primaryImageOfPage\":{\"@id\":\"https:\\\/\\\/levmilk.sk\\\/en\\\/produkt\\\/tekov-smoked-cheese-for-frying-1kg\\\/#primaryimage\"},\"image\":{\"@id\":\"https:\\\/\\\/levmilk.sk\\\/en\\\/produkt\\\/tekov-smoked-cheese-for-frying-1kg\\\/#primaryimage\"},\"thumbnailUrl\":\"https:\\\/\\\/levmilk.sk\\\/wp-content\\\/uploads\\\/2025\\\/02\\\/TEKOV-Syr-na-vyprazanie-udeny-1-kg.webp\",\"datePublished\":\"2025-02-13T16:09:50+00:00\",\"breadcrumb\":{\"@id\":\"https:\\\/\\\/levmilk.sk\\\/en\\\/produkt\\\/tekov-smoked-cheese-for-frying-1kg\\\/#breadcrumb\"},\"inLanguage\":\"en-US\",\"potentialAction\":[{\"@type\":\"ReadAction\",\"target\":[\"https:\\\/\\\/levmilk.sk\\\/en\\\/produkt\\\/tekov-smoked-cheese-for-frying-1kg\\\/\"]}]},{\"@type\":\"ImageObject\",\"inLanguage\":\"en-US\",\"@id\":\"https:\\\/\\\/levmilk.sk\\\/en\\\/produkt\\\/tekov-smoked-cheese-for-frying-1kg\\\/#primaryimage\",\"url\":\"https:\\\/\\\/levmilk.sk\\\/wp-content\\\/uploads\\\/2025\\\/02\\\/TEKOV-Syr-na-vyprazanie-udeny-1-kg.webp\",\"contentUrl\":\"https:\\\/\\\/levmilk.sk\\\/wp-content\\\/uploads\\\/2025\\\/02\\\/TEKOV-Syr-na-vyprazanie-udeny-1-kg.webp\",\"width\":700,\"height\":700,\"caption\":\"Levmilk - TEKOV SYR NA VYPR\u00c1\u017dANIE \u00faden\u00fd 1 kg\"},{\"@type\":\"BreadcrumbList\",\"@id\":\"https:\\\/\\\/levmilk.sk\\\/en\\\/produkt\\\/tekov-smoked-cheese-for-frying-1kg\\\/#breadcrumb\",\"itemListElement\":[{\"@type\":\"ListItem\",\"position\":1,\"name\":\"Domovsk\u00e1 str\u00e1nka\",\"item\":\"https:\\\/\\\/levmilk.sk\\\/en\\\/\"},{\"@type\":\"ListItem\",\"position\":2,\"name\":\"Shop\",\"item\":\"https:\\\/\\\/levmilk.sk\\\/en\\\/shop\\\/\"},{\"@type\":\"ListItem\",\"position\":3,\"name\":\"TEKOV SMOKED CHEESE FOR FRYING 1kg\"}]},{\"@type\":\"WebSite\",\"@id\":\"https:\\\/\\\/levmilk.sk\\\/en\\\/#website\",\"url\":\"https:\\\/\\\/levmilk.sk\\\/en\\\/\",\"name\":\"Levmilk\",\"description\":\"\",\"publisher\":{\"@id\":\"https:\\\/\\\/levmilk.sk\\\/en\\\/#organization\"},\"potentialAction\":[{\"@type\":\"SearchAction\",\"target\":{\"@type\":\"EntryPoint\",\"urlTemplate\":\"https:\\\/\\\/levmilk.sk\\\/en\\\/?s={search_term_string}\"},\"query-input\":{\"@type\":\"PropertyValueSpecification\",\"valueRequired\":true,\"valueName\":\"search_term_string\"}}],\"inLanguage\":\"en-US\"},{\"@type\":\"Organization\",\"@id\":\"https:\\\/\\\/levmilk.sk\\\/en\\\/#organization\",\"name\":\"LEVICK\u00c9 MLIEK\u00c1RNE a.s.\",\"url\":\"https:\\\/\\\/levmilk.sk\\\/en\\\/\",\"logo\":{\"@type\":\"ImageObject\",\"inLanguage\":\"en-US\",\"@id\":\"https:\\\/\\\/levmilk.sk\\\/en\\\/#\\\/schema\\\/logo\\\/image\\\/\",\"url\":\"https:\\\/\\\/levmilk.sk\\\/wp-content\\\/uploads\\\/2025\\\/02\\\/logo-levmilk-bright.svg\",\"contentUrl\":\"https:\\\/\\\/levmilk.sk\\\/wp-content\\\/uploads\\\/2025\\\/02\\\/logo-levmilk-bright.svg\",\"caption\":\"LEVICK\u00c9 MLIEK\u00c1RNE a.s.\"},\"image\":{\"@id\":\"https:\\\/\\\/levmilk.sk\\\/en\\\/#\\\/schema\\\/logo\\\/image\\\/\"},\"sameAs\":[\"https:\\\/\\\/www.facebook.com\\\/levickemliekarne\\\/\",\"https:\\\/\\\/www.instagram.com\\\/levmilk\\\/\",\"https:\\\/\\\/www.youtube.com\\\/channel\\\/UCVHLqQlAiWGTtBhAIG1gxpw\\\/videos\"]}]}<\/script>\n<!-- \/ Yoast SEO plugin. -->","yoast_head_json":{"title":"TEKOV SMOKED CHEESE FOR FRYING 1kg - Levmilk | LEVICK\u00c9 MLIEK\u00c1RNE a.s.","robots":{"index":"index","follow":"follow","max-snippet":"max-snippet:-1","max-image-preview":"max-image-preview:large","max-video-preview":"max-video-preview:-1"},"canonical":"https:\/\/levmilk.sk\/en\/produkt\/tekov-smoked-cheese-for-frying-1kg\/","og_locale":"en_US","og_type":"article","og_title":"TEKOV SMOKED CHEESE FOR FRYING 1kg - Levmilk | LEVICK\u00c9 MLIEK\u00c1RNE a.s.","og_description":"approx. 1 kg TEKOV SPECIAL CHEESE FOR FRYING is a natural, unripened Slovak cheese, handmade specifically for frying without the need for a thick breading, to highlight the fresh, squeaky taste of this quality cheese. Just like all our natural cheeses, these are also made exclusively from milk from farmers in the Tekov region. Product [&hellip;]","og_url":"https:\/\/levmilk.sk\/en\/produkt\/tekov-smoked-cheese-for-frying-1kg\/","og_site_name":"Levmilk | LEVICK\u00c9 MLIEK\u00c1RNE a.s.","article_publisher":"https:\/\/www.facebook.com\/levickemliekarne\/","og_image":[{"width":700,"height":700,"url":"https:\/\/levmilk.sk\/wp-content\/uploads\/2025\/02\/TEKOV-Syr-na-vyprazanie-udeny-1-kg.webp","type":"image\/webp"}],"twitter_card":"summary_large_image","twitter_misc":{"Est. reading time":"1 minute"},"schema":{"@context":"https:\/\/schema.org","@graph":[{"@type":"WebPage","@id":"https:\/\/levmilk.sk\/en\/produkt\/tekov-smoked-cheese-for-frying-1kg\/","url":"https:\/\/levmilk.sk\/en\/produkt\/tekov-smoked-cheese-for-frying-1kg\/","name":"TEKOV SMOKED CHEESE FOR FRYING 1kg - Levmilk | LEVICK\u00c9 MLIEK\u00c1RNE a.s.","isPartOf":{"@id":"https:\/\/levmilk.sk\/en\/#website"},"primaryImageOfPage":{"@id":"https:\/\/levmilk.sk\/en\/produkt\/tekov-smoked-cheese-for-frying-1kg\/#primaryimage"},"image":{"@id":"https:\/\/levmilk.sk\/en\/produkt\/tekov-smoked-cheese-for-frying-1kg\/#primaryimage"},"thumbnailUrl":"https:\/\/levmilk.sk\/wp-content\/uploads\/2025\/02\/TEKOV-Syr-na-vyprazanie-udeny-1-kg.webp","datePublished":"2025-02-13T16:09:50+00:00","breadcrumb":{"@id":"https:\/\/levmilk.sk\/en\/produkt\/tekov-smoked-cheese-for-frying-1kg\/#breadcrumb"},"inLanguage":"en-US","potentialAction":[{"@type":"ReadAction","target":["https:\/\/levmilk.sk\/en\/produkt\/tekov-smoked-cheese-for-frying-1kg\/"]}]},{"@type":"ImageObject","inLanguage":"en-US","@id":"https:\/\/levmilk.sk\/en\/produkt\/tekov-smoked-cheese-for-frying-1kg\/#primaryimage","url":"https:\/\/levmilk.sk\/wp-content\/uploads\/2025\/02\/TEKOV-Syr-na-vyprazanie-udeny-1-kg.webp","contentUrl":"https:\/\/levmilk.sk\/wp-content\/uploads\/2025\/02\/TEKOV-Syr-na-vyprazanie-udeny-1-kg.webp","width":700,"height":700,"caption":"Levmilk - TEKOV SYR NA VYPR\u00c1\u017dANIE \u00faden\u00fd 1 kg"},{"@type":"BreadcrumbList","@id":"https:\/\/levmilk.sk\/en\/produkt\/tekov-smoked-cheese-for-frying-1kg\/#breadcrumb","itemListElement":[{"@type":"ListItem","position":1,"name":"Domovsk\u00e1 str\u00e1nka","item":"https:\/\/levmilk.sk\/en\/"},{"@type":"ListItem","position":2,"name":"Shop","item":"https:\/\/levmilk.sk\/en\/shop\/"},{"@type":"ListItem","position":3,"name":"TEKOV SMOKED CHEESE FOR FRYING 1kg"}]},{"@type":"WebSite","@id":"https:\/\/levmilk.sk\/en\/#website","url":"https:\/\/levmilk.sk\/en\/","name":"Levmilk","description":"","publisher":{"@id":"https:\/\/levmilk.sk\/en\/#organization"},"potentialAction":[{"@type":"SearchAction","target":{"@type":"EntryPoint","urlTemplate":"https:\/\/levmilk.sk\/en\/?s={search_term_string}"},"query-input":{"@type":"PropertyValueSpecification","valueRequired":true,"valueName":"search_term_string"}}],"inLanguage":"en-US"},{"@type":"Organization","@id":"https:\/\/levmilk.sk\/en\/#organization","name":"LEVICK\u00c9 MLIEK\u00c1RNE a.s.","url":"https:\/\/levmilk.sk\/en\/","logo":{"@type":"ImageObject","inLanguage":"en-US","@id":"https:\/\/levmilk.sk\/en\/#\/schema\/logo\/image\/","url":"https:\/\/levmilk.sk\/wp-content\/uploads\/2025\/02\/logo-levmilk-bright.svg","contentUrl":"https:\/\/levmilk.sk\/wp-content\/uploads\/2025\/02\/logo-levmilk-bright.svg","caption":"LEVICK\u00c9 MLIEK\u00c1RNE a.s."},"image":{"@id":"https:\/\/levmilk.sk\/en\/#\/schema\/logo\/image\/"},"sameAs":["https:\/\/www.facebook.com\/levickemliekarne\/","https:\/\/www.instagram.com\/levmilk\/","https:\/\/www.youtube.com\/channel\/UCVHLqQlAiWGTtBhAIG1gxpw\/videos"]}]}},"_links":{"self":[{"href":"https:\/\/levmilk.sk\/en\/wp-json\/wp\/v2\/product\/11459","targetHints":{"allow":["GET"]}}],"collection":[{"href":"https:\/\/levmilk.sk\/en\/wp-json\/wp\/v2\/product"}],"about":[{"href":"https:\/\/levmilk.sk\/en\/wp-json\/wp\/v2\/types\/product"}],"wp:featuredmedia":[{"embeddable":true,"href":"https:\/\/levmilk.sk\/en\/wp-json\/wp\/v2\/media\/10304"}],"wp:attachment":[{"href":"https:\/\/levmilk.sk\/en\/wp-json\/wp\/v2\/media?parent=11459"}],"wp:term":[{"taxonomy":"product_brand","embeddable":true,"href":"https:\/\/levmilk.sk\/en\/wp-json\/wp\/v2\/product_brand?post=11459"},{"taxonomy":"product_cat","embeddable":true,"href":"https:\/\/levmilk.sk\/en\/wp-json\/wp\/v2\/product_cat?post=11459"},{"taxonomy":"product_tag","embeddable":true,"href":"https:\/\/levmilk.sk\/en\/wp-json\/wp\/v2\/product_tag?post=11459"}],"curies":[{"name":"wp","href":"https:\/\/api.w.org\/{rel}","templated":true}]}}