{"id":11513,"date":"2025-02-13T17:08:44","date_gmt":"2025-02-13T16:08:44","guid":{"rendered":"https:\/\/levmilk.sk\/produkt\/niva-original-cylinder\/"},"modified":"2025-02-13T17:08:44","modified_gmt":"2025-02-13T16:08:44","slug":"niva-original-cylinder","status":"publish","type":"product","link":"https:\/\/levmilk.sk\/en\/produkt\/niva-original-cylinder\/","title":{"rendered":"NIVA ORIGIN\u00c1L Cylinder"},"content":{"rendered":"<div class=\"hmotnost-dlha\">approx. 2.2 kg<\/div>\n<div><\/div>\n<p>Slovak Roquefort &#8211; it is a delicious aged cheese with noble blue mold <em>Penicilium roqueforti<\/em>, featuring a typical marbled structure of bluish molds on a creamy white surface. Its traditional production, throughout the entire process from filling the rennet into vats, shaping, salting, ripening, and packaging, is still manual, making each cheese wheel unique and under constant control. The ripening process alone, in a special warehouse on wooden racks, takes at least 3 to 5 weeks, during which the noble mold mentioned grows in the cheese. However, the cheese&#8217;s maturation period can last up to 6 months, during which the cheese becomes softer, acquires a more spreadable consistency, and a spicier flavor, especially sought after by gourmets.   <span class=\"Apple-converted-space\"> <\/span><\/p>\n<p>All blue cheeses from our company, such as NIVA ORIGIN\u00c1L and NIVA ORIGIN\u00c1L ZLAT\u00c1, are registered under the NIVA ORIGIN\u00c1L trademark. They are produced according to a traditional, almost seventy-year-old recipe from Hlohovec, exclusively from Slovak milk, predominantly from farmers in the Tekov region. Thanks to all these parameters, NIVA ORIGIN\u00c1L cheese has an unmistakable delicious, salty, spicy taste, suitable for use in both cold and hot cuisine.  <\/p>\n<div class=\"zlozenie-nadpis\">Product ingredients:<\/div>\n<div class=\"zlozenie\">pasteurized <strong>milk<\/strong>, edible salt max. 5.5% by weight, stabilizer: calcium chloride, rennet, dairy cultures, noble mold <em>Penicillium roqueforti<\/em><\/div>\n<div><\/div>\n<table class=\"tabulka\">\n<thead>\n<tr>\n<th>Nutrition facts table per 100g<\/th>\n<th><\/th>\n<th>* % RI<\/th>\n<\/tr>\n<\/thead>\n<tbody>\n<tr>\n<td>Energy<\/td>\n<td>1382 kJ \/ 334 kcal<\/td>\n<td>17<\/td>\n<\/tr>\n<\/tbody>\n<tbody>\n<tr>\n<td>Fats<\/td>\n<td>28 g<\/td>\n<td>40<\/td>\n<\/tr>\n<\/tbody>\n<tbody>\n<tr>\n<td>Of which saturated fatty acids<\/td>\n<td>19 g<\/td>\n<td>95<\/td>\n<\/tr>\n<\/tbody>\n<tbody>\n<tr>\n<td>Carbohydrates<\/td>\n<td>&lt; 1.0 g<\/td>\n<td>0.5<\/td>\n<\/tr>\n<\/tbody>\n<tbody>\n<tr>\n<td>Of which sugars<\/td>\n<td>&lt; 0.5 g<\/td>\n<td>0.5<\/td>\n<\/tr>\n<\/tbody>\n<tbody>\n<tr>\n<td>Proteins<\/td>\n<td>20 g<\/td>\n<td>40<\/td>\n<\/tr>\n<\/tbody>\n<tbody>\n<tr>\n<td>Salt<\/td>\n<td>3.6 g<\/td>\n<td>60<\/td>\n<\/tr>\n<\/tbody>\n<\/table>\n<div><\/div>\n<div class=\"zlozenie-nadpis\">Logistic data:<\/div>\n<div class=\"zlozenie\">\n<p>EAN: 298131, Shelf life: 40 days, Packaging: 3 pcs\/carton<\/p>\n<\/div>\n<p><img decoding=\"async\" class=\"alignnone wp-image-7931\" src=\"https:\/\/levmilk.sk\/wp-content\/uploads\/2025\/02\/levmilk_niva-original_benefity-rucna-vyroba.webp\" alt=\"Handcrafted - Benefits of NIVA ORIGINAL from Levmilk\" width=\"120\" height=\"120\" srcset=\"https:\/\/levmilk.sk\/wp-content\/uploads\/2025\/02\/levmilk_niva-original_benefity-rucna-vyroba.webp 250w, https:\/\/levmilk.sk\/wp-content\/uploads\/2025\/02\/levmilk_niva-original_benefity-rucna-vyroba-150x150.webp 150w, https:\/\/levmilk.sk\/wp-content\/uploads\/2025\/02\/levmilk_niva-original_benefity-rucna-vyroba-100x100.webp 100w\" sizes=\"(max-width: 120px) 100vw, 120px\" \/><img decoding=\"async\" class=\"alignnone wp-image-7930\" src=\"https:\/\/levmilk.sk\/wp-content\/uploads\/2025\/02\/levmilk_niva-original_benefity-original.webp\" alt=\"Original Recipe - Benefits of NIVA ORIGINAL from Levmilk\" width=\"120\" height=\"120\" srcset=\"https:\/\/levmilk.sk\/wp-content\/uploads\/2025\/02\/levmilk_niva-original_benefity-original.webp 250w, https:\/\/levmilk.sk\/wp-content\/uploads\/2025\/02\/levmilk_niva-original_benefity-original-150x150.webp 150w, https:\/\/levmilk.sk\/wp-content\/uploads\/2025\/02\/levmilk_niva-original_benefity-original-100x100.webp 100w\" sizes=\"(max-width: 120px) 100vw, 120px\" \/><img decoding=\"async\" class=\"alignnone wp-image-7929\" src=\"https:\/\/levmilk.sk\/wp-content\/uploads\/2025\/02\/levmilk_niva-original_benefity-100percent-slovenske.webp\" alt=\"100% Slovak Product - Benefits of NIVA ORIGINAL from Levmilk\" width=\"120\" height=\"120\" srcset=\"https:\/\/levmilk.sk\/wp-content\/uploads\/2025\/02\/levmilk_niva-original_benefity-100percent-slovenske.webp 250w, https:\/\/levmilk.sk\/wp-content\/uploads\/2025\/02\/levmilk_niva-original_benefity-100percent-slovenske-150x150.webp 150w, https:\/\/levmilk.sk\/wp-content\/uploads\/2025\/02\/levmilk_niva-original_benefity-100percent-slovenske-100x100.webp 100w\" sizes=\"(max-width: 120px) 100vw, 120px\" \/><\/p>\n<p><a id=\"onive\" href=\"https:\/\/www.levmilk.sk\/niva-original\/\">More about NIVA ORIGINAL<\/a><\/p>\n","protected":false},"excerpt":{"rendered":"<p>approx. 2.2 kg Slovak Roquefort &#8211; it is a delicious aged cheese with noble blue mold Penicilium roqueforti, featuring a typical marbled structure of bluish molds on a creamy white surface. Its traditional production, throughout the entire process from filling the rennet into vats, shaping, salting, ripening, and packaging, is still manual, making each cheese [&hellip;]<\/p>\n","protected":false},"featured_media":11516,"template":"","meta":{"_acf_changed":false},"product_brand":[],"product_cat":[95],"product_tag":[97,90],"class_list":{"0":"post-11513","1":"product","2":"type-product","3":"status-publish","4":"has-post-thumbnail","6":"product_cat-blue-cheeses","7":"product_tag-color-blue-cheeses","8":"product_tag-gold","10":"first","11":"instock","12":"shipping-taxable","13":"product-type-simple"},"acf":[],"yoast_head":"<!-- This site is optimized with the Yoast SEO plugin v27.4 - https:\/\/yoast.com\/product\/yoast-seo-wordpress\/ -->\n<title>NIVA ORIGIN\u00c1L Cylinder - Levmilk | LEVICK\u00c9 MLIEK\u00c1RNE a.s.<\/title>\n<meta name=\"robots\" content=\"index, follow, max-snippet:-1, max-image-preview:large, max-video-preview:-1\" \/>\n<link rel=\"canonical\" href=\"https:\/\/levmilk.sk\/en\/produkt\/niva-original-cylinder\/\" \/>\n<meta property=\"og:locale\" content=\"en_US\" \/>\n<meta property=\"og:type\" content=\"article\" \/>\n<meta property=\"og:title\" content=\"NIVA ORIGIN\u00c1L Cylinder - Levmilk | LEVICK\u00c9 MLIEK\u00c1RNE a.s.\" \/>\n<meta property=\"og:description\" content=\"approx. 2.2 kg Slovak Roquefort &#8211; it is a delicious aged cheese with noble blue mold Penicilium roqueforti, featuring a typical marbled structure of bluish molds on a creamy white surface. Its traditional production, throughout the entire process from filling the rennet into vats, shaping, salting, ripening, and packaging, is still manual, making each cheese [&hellip;]\" \/>\n<meta property=\"og:url\" content=\"https:\/\/levmilk.sk\/en\/produkt\/niva-original-cylinder\/\" \/>\n<meta property=\"og:site_name\" content=\"Levmilk | LEVICK\u00c9 MLIEK\u00c1RNE a.s.\" \/>\n<meta property=\"article:publisher\" content=\"https:\/\/www.facebook.com\/levickemliekarne\/\" \/>\n<meta property=\"og:image\" content=\"https:\/\/levmilk.sk\/wp-content\/uploads\/2025\/02\/NIVA_ORIGINAL_valec.webp\" \/>\n\t<meta property=\"og:image:width\" content=\"700\" \/>\n\t<meta property=\"og:image:height\" content=\"700\" \/>\n\t<meta property=\"og:image:type\" content=\"image\/webp\" \/>\n<meta name=\"twitter:card\" content=\"summary_large_image\" \/>\n<meta name=\"twitter:label1\" content=\"Est. reading time\" \/>\n\t<meta name=\"twitter:data1\" content=\"1 minute\" \/>\n<script type=\"application\/ld+json\" class=\"yoast-schema-graph\">{\"@context\":\"https:\\\/\\\/schema.org\",\"@graph\":[{\"@type\":\"WebPage\",\"@id\":\"https:\\\/\\\/levmilk.sk\\\/en\\\/produkt\\\/niva-original-cylinder\\\/\",\"url\":\"https:\\\/\\\/levmilk.sk\\\/en\\\/produkt\\\/niva-original-cylinder\\\/\",\"name\":\"NIVA ORIGIN\u00c1L Cylinder - Levmilk | LEVICK\u00c9 MLIEK\u00c1RNE a.s.\",\"isPartOf\":{\"@id\":\"https:\\\/\\\/levmilk.sk\\\/en\\\/#website\"},\"primaryImageOfPage\":{\"@id\":\"https:\\\/\\\/levmilk.sk\\\/en\\\/produkt\\\/niva-original-cylinder\\\/#primaryimage\"},\"image\":{\"@id\":\"https:\\\/\\\/levmilk.sk\\\/en\\\/produkt\\\/niva-original-cylinder\\\/#primaryimage\"},\"thumbnailUrl\":\"https:\\\/\\\/levmilk.sk\\\/wp-content\\\/uploads\\\/2025\\\/02\\\/NIVA_ORIGINAL_valec.webp\",\"datePublished\":\"2025-02-13T16:08:44+00:00\",\"breadcrumb\":{\"@id\":\"https:\\\/\\\/levmilk.sk\\\/en\\\/produkt\\\/niva-original-cylinder\\\/#breadcrumb\"},\"inLanguage\":\"en-US\",\"potentialAction\":[{\"@type\":\"ReadAction\",\"target\":[\"https:\\\/\\\/levmilk.sk\\\/en\\\/produkt\\\/niva-original-cylinder\\\/\"]}]},{\"@type\":\"ImageObject\",\"inLanguage\":\"en-US\",\"@id\":\"https:\\\/\\\/levmilk.sk\\\/en\\\/produkt\\\/niva-original-cylinder\\\/#primaryimage\",\"url\":\"https:\\\/\\\/levmilk.sk\\\/wp-content\\\/uploads\\\/2025\\\/02\\\/NIVA_ORIGINAL_valec.webp\",\"contentUrl\":\"https:\\\/\\\/levmilk.sk\\\/wp-content\\\/uploads\\\/2025\\\/02\\\/NIVA_ORIGINAL_valec.webp\",\"width\":700,\"height\":700,\"caption\":\"Levmilk - NIVA ORIGIN\u00c1L Cylinder\"},{\"@type\":\"BreadcrumbList\",\"@id\":\"https:\\\/\\\/levmilk.sk\\\/en\\\/produkt\\\/niva-original-cylinder\\\/#breadcrumb\",\"itemListElement\":[{\"@type\":\"ListItem\",\"position\":1,\"name\":\"Domovsk\u00e1 str\u00e1nka\",\"item\":\"https:\\\/\\\/levmilk.sk\\\/en\\\/\"},{\"@type\":\"ListItem\",\"position\":2,\"name\":\"Shop\",\"item\":\"https:\\\/\\\/levmilk.sk\\\/en\\\/shop\\\/\"},{\"@type\":\"ListItem\",\"position\":3,\"name\":\"NIVA ORIGIN\u00c1L Cylinder\"}]},{\"@type\":\"WebSite\",\"@id\":\"https:\\\/\\\/levmilk.sk\\\/en\\\/#website\",\"url\":\"https:\\\/\\\/levmilk.sk\\\/en\\\/\",\"name\":\"Levmilk\",\"description\":\"\",\"publisher\":{\"@id\":\"https:\\\/\\\/levmilk.sk\\\/en\\\/#organization\"},\"potentialAction\":[{\"@type\":\"SearchAction\",\"target\":{\"@type\":\"EntryPoint\",\"urlTemplate\":\"https:\\\/\\\/levmilk.sk\\\/en\\\/?s={search_term_string}\"},\"query-input\":{\"@type\":\"PropertyValueSpecification\",\"valueRequired\":true,\"valueName\":\"search_term_string\"}}],\"inLanguage\":\"en-US\"},{\"@type\":\"Organization\",\"@id\":\"https:\\\/\\\/levmilk.sk\\\/en\\\/#organization\",\"name\":\"LEVICK\u00c9 MLIEK\u00c1RNE a.s.\",\"url\":\"https:\\\/\\\/levmilk.sk\\\/en\\\/\",\"logo\":{\"@type\":\"ImageObject\",\"inLanguage\":\"en-US\",\"@id\":\"https:\\\/\\\/levmilk.sk\\\/en\\\/#\\\/schema\\\/logo\\\/image\\\/\",\"url\":\"https:\\\/\\\/levmilk.sk\\\/wp-content\\\/uploads\\\/2025\\\/02\\\/logo-levmilk-bright.svg\",\"contentUrl\":\"https:\\\/\\\/levmilk.sk\\\/wp-content\\\/uploads\\\/2025\\\/02\\\/logo-levmilk-bright.svg\",\"caption\":\"LEVICK\u00c9 MLIEK\u00c1RNE a.s.\"},\"image\":{\"@id\":\"https:\\\/\\\/levmilk.sk\\\/en\\\/#\\\/schema\\\/logo\\\/image\\\/\"},\"sameAs\":[\"https:\\\/\\\/www.facebook.com\\\/levickemliekarne\\\/\",\"https:\\\/\\\/www.instagram.com\\\/levmilk\\\/\",\"https:\\\/\\\/www.youtube.com\\\/channel\\\/UCVHLqQlAiWGTtBhAIG1gxpw\\\/videos\"]}]}<\/script>\n<!-- \/ Yoast SEO plugin. -->","yoast_head_json":{"title":"NIVA ORIGIN\u00c1L Cylinder - Levmilk | LEVICK\u00c9 MLIEK\u00c1RNE a.s.","robots":{"index":"index","follow":"follow","max-snippet":"max-snippet:-1","max-image-preview":"max-image-preview:large","max-video-preview":"max-video-preview:-1"},"canonical":"https:\/\/levmilk.sk\/en\/produkt\/niva-original-cylinder\/","og_locale":"en_US","og_type":"article","og_title":"NIVA ORIGIN\u00c1L Cylinder - Levmilk | LEVICK\u00c9 MLIEK\u00c1RNE a.s.","og_description":"approx. 2.2 kg Slovak Roquefort &#8211; it is a delicious aged cheese with noble blue mold Penicilium roqueforti, featuring a typical marbled structure of bluish molds on a creamy white surface. Its traditional production, throughout the entire process from filling the rennet into vats, shaping, salting, ripening, and packaging, is still manual, making each cheese [&hellip;]","og_url":"https:\/\/levmilk.sk\/en\/produkt\/niva-original-cylinder\/","og_site_name":"Levmilk | LEVICK\u00c9 MLIEK\u00c1RNE a.s.","article_publisher":"https:\/\/www.facebook.com\/levickemliekarne\/","og_image":[{"width":700,"height":700,"url":"https:\/\/levmilk.sk\/wp-content\/uploads\/2025\/02\/NIVA_ORIGINAL_valec.webp","type":"image\/webp"}],"twitter_card":"summary_large_image","twitter_misc":{"Est. reading time":"1 minute"},"schema":{"@context":"https:\/\/schema.org","@graph":[{"@type":"WebPage","@id":"https:\/\/levmilk.sk\/en\/produkt\/niva-original-cylinder\/","url":"https:\/\/levmilk.sk\/en\/produkt\/niva-original-cylinder\/","name":"NIVA ORIGIN\u00c1L Cylinder - Levmilk | LEVICK\u00c9 MLIEK\u00c1RNE a.s.","isPartOf":{"@id":"https:\/\/levmilk.sk\/en\/#website"},"primaryImageOfPage":{"@id":"https:\/\/levmilk.sk\/en\/produkt\/niva-original-cylinder\/#primaryimage"},"image":{"@id":"https:\/\/levmilk.sk\/en\/produkt\/niva-original-cylinder\/#primaryimage"},"thumbnailUrl":"https:\/\/levmilk.sk\/wp-content\/uploads\/2025\/02\/NIVA_ORIGINAL_valec.webp","datePublished":"2025-02-13T16:08:44+00:00","breadcrumb":{"@id":"https:\/\/levmilk.sk\/en\/produkt\/niva-original-cylinder\/#breadcrumb"},"inLanguage":"en-US","potentialAction":[{"@type":"ReadAction","target":["https:\/\/levmilk.sk\/en\/produkt\/niva-original-cylinder\/"]}]},{"@type":"ImageObject","inLanguage":"en-US","@id":"https:\/\/levmilk.sk\/en\/produkt\/niva-original-cylinder\/#primaryimage","url":"https:\/\/levmilk.sk\/wp-content\/uploads\/2025\/02\/NIVA_ORIGINAL_valec.webp","contentUrl":"https:\/\/levmilk.sk\/wp-content\/uploads\/2025\/02\/NIVA_ORIGINAL_valec.webp","width":700,"height":700,"caption":"Levmilk - NIVA ORIGIN\u00c1L Cylinder"},{"@type":"BreadcrumbList","@id":"https:\/\/levmilk.sk\/en\/produkt\/niva-original-cylinder\/#breadcrumb","itemListElement":[{"@type":"ListItem","position":1,"name":"Domovsk\u00e1 str\u00e1nka","item":"https:\/\/levmilk.sk\/en\/"},{"@type":"ListItem","position":2,"name":"Shop","item":"https:\/\/levmilk.sk\/en\/shop\/"},{"@type":"ListItem","position":3,"name":"NIVA ORIGIN\u00c1L Cylinder"}]},{"@type":"WebSite","@id":"https:\/\/levmilk.sk\/en\/#website","url":"https:\/\/levmilk.sk\/en\/","name":"Levmilk","description":"","publisher":{"@id":"https:\/\/levmilk.sk\/en\/#organization"},"potentialAction":[{"@type":"SearchAction","target":{"@type":"EntryPoint","urlTemplate":"https:\/\/levmilk.sk\/en\/?s={search_term_string}"},"query-input":{"@type":"PropertyValueSpecification","valueRequired":true,"valueName":"search_term_string"}}],"inLanguage":"en-US"},{"@type":"Organization","@id":"https:\/\/levmilk.sk\/en\/#organization","name":"LEVICK\u00c9 MLIEK\u00c1RNE a.s.","url":"https:\/\/levmilk.sk\/en\/","logo":{"@type":"ImageObject","inLanguage":"en-US","@id":"https:\/\/levmilk.sk\/en\/#\/schema\/logo\/image\/","url":"https:\/\/levmilk.sk\/wp-content\/uploads\/2025\/02\/logo-levmilk-bright.svg","contentUrl":"https:\/\/levmilk.sk\/wp-content\/uploads\/2025\/02\/logo-levmilk-bright.svg","caption":"LEVICK\u00c9 MLIEK\u00c1RNE a.s."},"image":{"@id":"https:\/\/levmilk.sk\/en\/#\/schema\/logo\/image\/"},"sameAs":["https:\/\/www.facebook.com\/levickemliekarne\/","https:\/\/www.instagram.com\/levmilk\/","https:\/\/www.youtube.com\/channel\/UCVHLqQlAiWGTtBhAIG1gxpw\/videos"]}]}},"_links":{"self":[{"href":"https:\/\/levmilk.sk\/en\/wp-json\/wp\/v2\/product\/11513","targetHints":{"allow":["GET"]}}],"collection":[{"href":"https:\/\/levmilk.sk\/en\/wp-json\/wp\/v2\/product"}],"about":[{"href":"https:\/\/levmilk.sk\/en\/wp-json\/wp\/v2\/types\/product"}],"wp:featuredmedia":[{"embeddable":true,"href":"https:\/\/levmilk.sk\/en\/wp-json\/wp\/v2\/media\/11516"}],"wp:attachment":[{"href":"https:\/\/levmilk.sk\/en\/wp-json\/wp\/v2\/media?parent=11513"}],"wp:term":[{"taxonomy":"product_brand","embeddable":true,"href":"https:\/\/levmilk.sk\/en\/wp-json\/wp\/v2\/product_brand?post=11513"},{"taxonomy":"product_cat","embeddable":true,"href":"https:\/\/levmilk.sk\/en\/wp-json\/wp\/v2\/product_cat?post=11513"},{"taxonomy":"product_tag","embeddable":true,"href":"https:\/\/levmilk.sk\/en\/wp-json\/wp\/v2\/product_tag?post=11513"}],"curies":[{"name":"wp","href":"https:\/\/api.w.org\/{rel}","templated":true}]}}