{"id":11521,"date":"2025-02-13T17:09:29","date_gmt":"2025-02-13T16:09:29","guid":{"rendered":"https:\/\/levmilk.sk\/produkt\/babicka-cream-14-bucket-5kg-2kg\/"},"modified":"2025-02-13T17:09:29","modified_gmt":"2025-02-13T16:09:29","slug":"babicka-cream-14-bucket-5kg-2kg","status":"publish","type":"product","link":"https:\/\/levmilk.sk\/en\/produkt\/babicka-cream-14-bucket-5kg-2kg\/","title":{"rendered":"BABI\u010cKA Cream 14% BUCKET 5kg, 2kg"},"content":{"rendered":"<div class=\"hmotnost\">5 kg<\/div>\n<div class=\"hmotnost\">2 kg<\/div>\n<div><\/div>\n<p>BABI\u010cKA SOUR CREAM has long been part of the basic assortment of fresh dairy products sold under the BABI\u010cKA brand. It is characterized by a fine texture, firm consistency, and pleasant milky aroma. It is one of the highest quality creams on the market, which slightly disadvantages it in terms of price, but on the other hand, its taste and quality attract customers who prefer healthy and high-quality products.  <\/p>\n<div class=\"zlozenie-nadpis\">Product ingredients:<\/div>\n<div class=\"zlozenie\">pasteurized <strong>cream<\/strong>, cream culture<\/div>\n<div><\/div>\n<table class=\"tabulka\">\n<thead>\n<tr>\n<th>Nutrition facts table per 100g<\/th>\n<th><\/th>\n<th>* % RI<\/th>\n<\/tr>\n<\/thead>\n<tbody>\n<tr>\n<td>Energy<\/td>\n<td>640 kJ \/ 155 kcal<\/td>\n<td>8<\/td>\n<\/tr>\n<\/tbody>\n<tbody>\n<tr>\n<td>Fat<\/td>\n<td>14 g<\/td>\n<td>20<\/td>\n<\/tr>\n<\/tbody>\n<tbody>\n<tr>\n<td>Of which saturated acids<\/td>\n<td>9.6 g<\/td>\n<td>48<\/td>\n<\/tr>\n<\/tbody>\n<tbody>\n<tr>\n<td>Carbohydrates<\/td>\n<td>4 g<\/td>\n<td>2<\/td>\n<\/tr>\n<\/tbody>\n<tbody>\n<tr>\n<td>Of which sugars<\/td>\n<td>3.5 g<\/td>\n<td>4<\/td>\n<\/tr>\n<\/tbody>\n<tbody>\n<tr>\n<td>Proteins<\/td>\n<td>2.9 g<\/td>\n<td>6<\/td>\n<\/tr>\n<\/tbody>\n<tbody>\n<tr>\n<td>Salt<\/td>\n<td>0.08 g<\/td>\n<td>1<\/td>\n<\/tr>\n<\/tbody>\n<\/table>\n<div><\/div>\n<div class=\"zlozenie-nadpis\">Logistic data:<\/div>\n<div class=\"zlozenie\">Shelf life: 20 days, Packaging: 1 pc\/package<\/div>\n","protected":false},"excerpt":{"rendered":"<p>5 kg 2 kg BABI\u010cKA SOUR CREAM has long been part of the basic assortment of fresh dairy products sold under the BABI\u010cKA brand. It is characterized by a fine texture, firm consistency, and pleasant milky aroma. It is one of the highest quality creams on the market, which slightly disadvantages it in terms of [&hellip;]<\/p>\n","protected":false},"featured_media":192,"template":"","meta":{"_acf_changed":false},"product_brand":[],"product_cat":[88],"product_tag":[],"class_list":{"0":"post-11521","1":"product","2":"type-product","3":"status-publish","4":"has-post-thumbnail","6":"product_cat-gastro-range","8":"first","9":"instock","10":"shipping-taxable","11":"product-type-simple"},"acf":[],"yoast_head":"<!-- This site is optimized with the Yoast SEO plugin v27.4 - https:\/\/yoast.com\/product\/yoast-seo-wordpress\/ -->\n<title>BABI\u010cKA Cream 14% BUCKET 5kg, 2kg - Levmilk | LEVICK\u00c9 MLIEK\u00c1RNE a.s.<\/title>\n<meta name=\"robots\" content=\"index, follow, max-snippet:-1, max-image-preview:large, max-video-preview:-1\" \/>\n<link rel=\"canonical\" href=\"https:\/\/levmilk.sk\/en\/produkt\/babicka-cream-14-bucket-5kg-2kg\/\" \/>\n<meta property=\"og:locale\" content=\"en_US\" \/>\n<meta property=\"og:type\" content=\"article\" \/>\n<meta property=\"og:title\" content=\"BABI\u010cKA Cream 14% BUCKET 5kg, 2kg - Levmilk | LEVICK\u00c9 MLIEK\u00c1RNE a.s.\" \/>\n<meta property=\"og:description\" content=\"5 kg 2 kg BABI\u010cKA SOUR CREAM has long been part of the basic assortment of fresh dairy products sold under the BABI\u010cKA brand. It is characterized by a fine texture, firm consistency, and pleasant milky aroma. It is one of the highest quality creams on the market, which slightly disadvantages it in terms of [&hellip;]\" \/>\n<meta property=\"og:url\" content=\"https:\/\/levmilk.sk\/en\/produkt\/babicka-cream-14-bucket-5kg-2kg\/\" \/>\n<meta property=\"og:site_name\" content=\"Levmilk | LEVICK\u00c9 MLIEK\u00c1RNE a.s.\" \/>\n<meta property=\"article:publisher\" content=\"https:\/\/www.facebook.com\/levickemliekarne\/\" \/>\n<meta property=\"og:image\" content=\"https:\/\/levmilk.sk\/wp-content\/uploads\/2025\/02\/gsatro-vedro.png\" \/>\n\t<meta property=\"og:image:width\" content=\"700\" \/>\n\t<meta property=\"og:image:height\" content=\"700\" \/>\n\t<meta property=\"og:image:type\" content=\"image\/png\" \/>\n<meta name=\"twitter:card\" content=\"summary_large_image\" \/>\n<meta name=\"twitter:label1\" content=\"Est. reading time\" \/>\n\t<meta name=\"twitter:data1\" content=\"1 minute\" \/>\n<script type=\"application\/ld+json\" class=\"yoast-schema-graph\">{\"@context\":\"https:\\\/\\\/schema.org\",\"@graph\":[{\"@type\":\"WebPage\",\"@id\":\"https:\\\/\\\/levmilk.sk\\\/en\\\/produkt\\\/babicka-cream-14-bucket-5kg-2kg\\\/\",\"url\":\"https:\\\/\\\/levmilk.sk\\\/en\\\/produkt\\\/babicka-cream-14-bucket-5kg-2kg\\\/\",\"name\":\"BABI\u010cKA Cream 14% BUCKET 5kg, 2kg - Levmilk | LEVICK\u00c9 MLIEK\u00c1RNE a.s.\",\"isPartOf\":{\"@id\":\"https:\\\/\\\/levmilk.sk\\\/en\\\/#website\"},\"primaryImageOfPage\":{\"@id\":\"https:\\\/\\\/levmilk.sk\\\/en\\\/produkt\\\/babicka-cream-14-bucket-5kg-2kg\\\/#primaryimage\"},\"image\":{\"@id\":\"https:\\\/\\\/levmilk.sk\\\/en\\\/produkt\\\/babicka-cream-14-bucket-5kg-2kg\\\/#primaryimage\"},\"thumbnailUrl\":\"https:\\\/\\\/levmilk.sk\\\/wp-content\\\/uploads\\\/2025\\\/02\\\/gsatro-vedro.png\",\"datePublished\":\"2025-02-13T16:09:29+00:00\",\"breadcrumb\":{\"@id\":\"https:\\\/\\\/levmilk.sk\\\/en\\\/produkt\\\/babicka-cream-14-bucket-5kg-2kg\\\/#breadcrumb\"},\"inLanguage\":\"en-US\",\"potentialAction\":[{\"@type\":\"ReadAction\",\"target\":[\"https:\\\/\\\/levmilk.sk\\\/en\\\/produkt\\\/babicka-cream-14-bucket-5kg-2kg\\\/\"]}]},{\"@type\":\"ImageObject\",\"inLanguage\":\"en-US\",\"@id\":\"https:\\\/\\\/levmilk.sk\\\/en\\\/produkt\\\/babicka-cream-14-bucket-5kg-2kg\\\/#primaryimage\",\"url\":\"https:\\\/\\\/levmilk.sk\\\/wp-content\\\/uploads\\\/2025\\\/02\\\/gsatro-vedro.png\",\"contentUrl\":\"https:\\\/\\\/levmilk.sk\\\/wp-content\\\/uploads\\\/2025\\\/02\\\/gsatro-vedro.png\",\"width\":700,\"height\":700,\"caption\":\"gsatro-vedro.png\"},{\"@type\":\"BreadcrumbList\",\"@id\":\"https:\\\/\\\/levmilk.sk\\\/en\\\/produkt\\\/babicka-cream-14-bucket-5kg-2kg\\\/#breadcrumb\",\"itemListElement\":[{\"@type\":\"ListItem\",\"position\":1,\"name\":\"Domovsk\u00e1 str\u00e1nka\",\"item\":\"https:\\\/\\\/levmilk.sk\\\/en\\\/\"},{\"@type\":\"ListItem\",\"position\":2,\"name\":\"Shop\",\"item\":\"https:\\\/\\\/levmilk.sk\\\/en\\\/shop\\\/\"},{\"@type\":\"ListItem\",\"position\":3,\"name\":\"BABI\u010cKA Cream 14% BUCKET 5kg, 2kg\"}]},{\"@type\":\"WebSite\",\"@id\":\"https:\\\/\\\/levmilk.sk\\\/en\\\/#website\",\"url\":\"https:\\\/\\\/levmilk.sk\\\/en\\\/\",\"name\":\"Levmilk\",\"description\":\"\",\"publisher\":{\"@id\":\"https:\\\/\\\/levmilk.sk\\\/en\\\/#organization\"},\"potentialAction\":[{\"@type\":\"SearchAction\",\"target\":{\"@type\":\"EntryPoint\",\"urlTemplate\":\"https:\\\/\\\/levmilk.sk\\\/en\\\/?s={search_term_string}\"},\"query-input\":{\"@type\":\"PropertyValueSpecification\",\"valueRequired\":true,\"valueName\":\"search_term_string\"}}],\"inLanguage\":\"en-US\"},{\"@type\":\"Organization\",\"@id\":\"https:\\\/\\\/levmilk.sk\\\/en\\\/#organization\",\"name\":\"LEVICK\u00c9 MLIEK\u00c1RNE a.s.\",\"url\":\"https:\\\/\\\/levmilk.sk\\\/en\\\/\",\"logo\":{\"@type\":\"ImageObject\",\"inLanguage\":\"en-US\",\"@id\":\"https:\\\/\\\/levmilk.sk\\\/en\\\/#\\\/schema\\\/logo\\\/image\\\/\",\"url\":\"https:\\\/\\\/levmilk.sk\\\/wp-content\\\/uploads\\\/2025\\\/02\\\/logo-levmilk-bright.svg\",\"contentUrl\":\"https:\\\/\\\/levmilk.sk\\\/wp-content\\\/uploads\\\/2025\\\/02\\\/logo-levmilk-bright.svg\",\"caption\":\"LEVICK\u00c9 MLIEK\u00c1RNE a.s.\"},\"image\":{\"@id\":\"https:\\\/\\\/levmilk.sk\\\/en\\\/#\\\/schema\\\/logo\\\/image\\\/\"},\"sameAs\":[\"https:\\\/\\\/www.facebook.com\\\/levickemliekarne\\\/\",\"https:\\\/\\\/www.instagram.com\\\/levmilk\\\/\",\"https:\\\/\\\/www.youtube.com\\\/channel\\\/UCVHLqQlAiWGTtBhAIG1gxpw\\\/videos\"]}]}<\/script>\n<!-- \/ Yoast SEO plugin. -->","yoast_head_json":{"title":"BABI\u010cKA Cream 14% BUCKET 5kg, 2kg - Levmilk | LEVICK\u00c9 MLIEK\u00c1RNE a.s.","robots":{"index":"index","follow":"follow","max-snippet":"max-snippet:-1","max-image-preview":"max-image-preview:large","max-video-preview":"max-video-preview:-1"},"canonical":"https:\/\/levmilk.sk\/en\/produkt\/babicka-cream-14-bucket-5kg-2kg\/","og_locale":"en_US","og_type":"article","og_title":"BABI\u010cKA Cream 14% BUCKET 5kg, 2kg - Levmilk | LEVICK\u00c9 MLIEK\u00c1RNE a.s.","og_description":"5 kg 2 kg BABI\u010cKA SOUR CREAM has long been part of the basic assortment of fresh dairy products sold under the BABI\u010cKA brand. It is characterized by a fine texture, firm consistency, and pleasant milky aroma. It is one of the highest quality creams on the market, which slightly disadvantages it in terms of [&hellip;]","og_url":"https:\/\/levmilk.sk\/en\/produkt\/babicka-cream-14-bucket-5kg-2kg\/","og_site_name":"Levmilk | LEVICK\u00c9 MLIEK\u00c1RNE a.s.","article_publisher":"https:\/\/www.facebook.com\/levickemliekarne\/","og_image":[{"width":700,"height":700,"url":"https:\/\/levmilk.sk\/wp-content\/uploads\/2025\/02\/gsatro-vedro.png","type":"image\/png"}],"twitter_card":"summary_large_image","twitter_misc":{"Est. reading time":"1 minute"},"schema":{"@context":"https:\/\/schema.org","@graph":[{"@type":"WebPage","@id":"https:\/\/levmilk.sk\/en\/produkt\/babicka-cream-14-bucket-5kg-2kg\/","url":"https:\/\/levmilk.sk\/en\/produkt\/babicka-cream-14-bucket-5kg-2kg\/","name":"BABI\u010cKA Cream 14% BUCKET 5kg, 2kg - Levmilk | LEVICK\u00c9 MLIEK\u00c1RNE a.s.","isPartOf":{"@id":"https:\/\/levmilk.sk\/en\/#website"},"primaryImageOfPage":{"@id":"https:\/\/levmilk.sk\/en\/produkt\/babicka-cream-14-bucket-5kg-2kg\/#primaryimage"},"image":{"@id":"https:\/\/levmilk.sk\/en\/produkt\/babicka-cream-14-bucket-5kg-2kg\/#primaryimage"},"thumbnailUrl":"https:\/\/levmilk.sk\/wp-content\/uploads\/2025\/02\/gsatro-vedro.png","datePublished":"2025-02-13T16:09:29+00:00","breadcrumb":{"@id":"https:\/\/levmilk.sk\/en\/produkt\/babicka-cream-14-bucket-5kg-2kg\/#breadcrumb"},"inLanguage":"en-US","potentialAction":[{"@type":"ReadAction","target":["https:\/\/levmilk.sk\/en\/produkt\/babicka-cream-14-bucket-5kg-2kg\/"]}]},{"@type":"ImageObject","inLanguage":"en-US","@id":"https:\/\/levmilk.sk\/en\/produkt\/babicka-cream-14-bucket-5kg-2kg\/#primaryimage","url":"https:\/\/levmilk.sk\/wp-content\/uploads\/2025\/02\/gsatro-vedro.png","contentUrl":"https:\/\/levmilk.sk\/wp-content\/uploads\/2025\/02\/gsatro-vedro.png","width":700,"height":700,"caption":"gsatro-vedro.png"},{"@type":"BreadcrumbList","@id":"https:\/\/levmilk.sk\/en\/produkt\/babicka-cream-14-bucket-5kg-2kg\/#breadcrumb","itemListElement":[{"@type":"ListItem","position":1,"name":"Domovsk\u00e1 str\u00e1nka","item":"https:\/\/levmilk.sk\/en\/"},{"@type":"ListItem","position":2,"name":"Shop","item":"https:\/\/levmilk.sk\/en\/shop\/"},{"@type":"ListItem","position":3,"name":"BABI\u010cKA Cream 14% BUCKET 5kg, 2kg"}]},{"@type":"WebSite","@id":"https:\/\/levmilk.sk\/en\/#website","url":"https:\/\/levmilk.sk\/en\/","name":"Levmilk","description":"","publisher":{"@id":"https:\/\/levmilk.sk\/en\/#organization"},"potentialAction":[{"@type":"SearchAction","target":{"@type":"EntryPoint","urlTemplate":"https:\/\/levmilk.sk\/en\/?s={search_term_string}"},"query-input":{"@type":"PropertyValueSpecification","valueRequired":true,"valueName":"search_term_string"}}],"inLanguage":"en-US"},{"@type":"Organization","@id":"https:\/\/levmilk.sk\/en\/#organization","name":"LEVICK\u00c9 MLIEK\u00c1RNE a.s.","url":"https:\/\/levmilk.sk\/en\/","logo":{"@type":"ImageObject","inLanguage":"en-US","@id":"https:\/\/levmilk.sk\/en\/#\/schema\/logo\/image\/","url":"https:\/\/levmilk.sk\/wp-content\/uploads\/2025\/02\/logo-levmilk-bright.svg","contentUrl":"https:\/\/levmilk.sk\/wp-content\/uploads\/2025\/02\/logo-levmilk-bright.svg","caption":"LEVICK\u00c9 MLIEK\u00c1RNE a.s."},"image":{"@id":"https:\/\/levmilk.sk\/en\/#\/schema\/logo\/image\/"},"sameAs":["https:\/\/www.facebook.com\/levickemliekarne\/","https:\/\/www.instagram.com\/levmilk\/","https:\/\/www.youtube.com\/channel\/UCVHLqQlAiWGTtBhAIG1gxpw\/videos"]}]}},"_links":{"self":[{"href":"https:\/\/levmilk.sk\/en\/wp-json\/wp\/v2\/product\/11521","targetHints":{"allow":["GET"]}}],"collection":[{"href":"https:\/\/levmilk.sk\/en\/wp-json\/wp\/v2\/product"}],"about":[{"href":"https:\/\/levmilk.sk\/en\/wp-json\/wp\/v2\/types\/product"}],"wp:featuredmedia":[{"embeddable":true,"href":"https:\/\/levmilk.sk\/en\/wp-json\/wp\/v2\/media\/192"}],"wp:attachment":[{"href":"https:\/\/levmilk.sk\/en\/wp-json\/wp\/v2\/media?parent=11521"}],"wp:term":[{"taxonomy":"product_brand","embeddable":true,"href":"https:\/\/levmilk.sk\/en\/wp-json\/wp\/v2\/product_brand?post=11521"},{"taxonomy":"product_cat","embeddable":true,"href":"https:\/\/levmilk.sk\/en\/wp-json\/wp\/v2\/product_cat?post=11521"},{"taxonomy":"product_tag","embeddable":true,"href":"https:\/\/levmilk.sk\/en\/wp-json\/wp\/v2\/product_tag?post=11521"}],"curies":[{"name":"wp","href":"https:\/\/api.w.org\/{rel}","templated":true}]}}