{"id":11553,"date":"2025-02-13T17:08:45","date_gmt":"2025-02-13T16:08:45","guid":{"rendered":"https:\/\/levmilk.sk\/produkt\/babicka-kefir-1-1\/"},"modified":"2025-02-13T17:08:45","modified_gmt":"2025-02-13T16:08:45","slug":"babicka-kefir-1-1","status":"publish","type":"product","link":"https:\/\/levmilk.sk\/en\/produkt\/babicka-kefir-1-1\/","title":{"rendered":"BABI\u010cKA Kefir 1.1%"},"content":{"rendered":"<div class=\"hmotnost\">950 g<\/div>\n<div><\/div>\n<p>BABI\u010cKA Kefir 1.1% is a fermented milk product containing several types of dairy kefir cultures, as well as beneficial and probiotic microorganisms. Due to the content of these beneficial microorganisms, kefir milk supports digestion, helps create a natural balance in the entire digestive system, and produces a small amount of CO2 in the human body. Its low fat content and composition give it a distinctive, refreshing, delicious taste and easy digestibility.  <\/p>\n<div class=\"zlozenie-nadpis\">Product ingredients:<\/div>\n<div class=\"zlozenie\">pasteurized <strong>milk<\/strong>, kefir culture<\/div>\n<div><\/div>\n<table class=\"tabulka\">\n<thead>\n<tr>\n<th>Nutrition facts table per 100g<\/th>\n<th><\/th>\n<th>* % RI<\/th>\n<\/tr>\n<\/thead>\n<tbody>\n<tr>\n<td>Energy<\/td>\n<td>182 kJ \/ 43 kcal<\/td>\n<td>2<\/td>\n<\/tr>\n<\/tbody>\n<tbody>\n<tr>\n<td>Fat<\/td>\n<td>1.2 g<\/td>\n<td>2<\/td>\n<\/tr>\n<\/tbody>\n<tbody>\n<tr>\n<td>Of which saturated fatty acids<\/td>\n<td>1.0 g<\/td>\n<td>5<\/td>\n<\/tr>\n<\/tbody>\n<tbody>\n<tr>\n<td>Carbohydrates<\/td>\n<td>4.4 g<\/td>\n<td>2<\/td>\n<\/tr>\n<\/tbody>\n<tbody>\n<tr>\n<td>Of which sugars<\/td>\n<td>3.7 g<\/td>\n<td>4<\/td>\n<\/tr>\n<\/tbody>\n<tbody>\n<tr>\n<td>Protein<\/td>\n<td>3.6 g<\/td>\n<td>7<\/td>\n<\/tr>\n<\/tbody>\n<tbody>\n<tr>\n<td>Salt<\/td>\n<td>0.1 g<\/td>\n<td>2<\/td>\n<\/tr>\n<\/tbody>\n<\/table>\n<div><\/div>\n<div class=\"zlozenie-nadpis\">Logistic data:<\/div>\n<div class=\"zlozenie\">EAN: 8585000902926, Shelf life: 40 days, Packaging: 8 pcs\/carton<\/div>\n","protected":false},"excerpt":{"rendered":"<p>950 g BABI\u010cKA Kefir 1.1% is a fermented milk product containing several types of dairy kefir cultures, as well as beneficial and probiotic microorganisms. Due to the content of these beneficial microorganisms, kefir milk supports digestion, helps create a natural balance in the entire digestive system, and produces a small amount of CO2 in the [&hellip;]<\/p>\n","protected":false},"featured_media":11556,"template":"","meta":{"_acf_changed":false},"product_brand":[],"product_cat":[94],"product_tag":[86,99,98],"class_list":{"0":"post-11553","1":"product","2":"type-product","3":"status-publish","4":"has-post-thumbnail","6":"product_cat-fresh-range","7":"product_tag-blue","8":"product_tag-color-fresh-assortment","9":"product_tag-kefirs","11":"first","12":"instock","13":"shipping-taxable","14":"product-type-simple"},"acf":[],"yoast_head":"<!-- This site is optimized with the Yoast SEO plugin v27.4 - https:\/\/yoast.com\/product\/yoast-seo-wordpress\/ -->\n<title>BABI\u010cKA Kefir 1.1% - Levmilk | LEVICK\u00c9 MLIEK\u00c1RNE a.s.<\/title>\n<meta name=\"robots\" content=\"index, follow, max-snippet:-1, max-image-preview:large, max-video-preview:-1\" \/>\n<link rel=\"canonical\" href=\"https:\/\/levmilk.sk\/en\/produkt\/babicka-kefir-1-1\/\" \/>\n<meta property=\"og:locale\" content=\"en_US\" \/>\n<meta property=\"og:type\" content=\"article\" \/>\n<meta property=\"og:title\" content=\"BABI\u010cKA Kefir 1.1% - Levmilk | LEVICK\u00c9 MLIEK\u00c1RNE a.s.\" \/>\n<meta property=\"og:description\" content=\"950 g BABI\u010cKA Kefir 1.1% is a fermented milk product containing several types of dairy kefir cultures, as well as beneficial and probiotic microorganisms. Due to the content of these beneficial microorganisms, kefir milk supports digestion, helps create a natural balance in the entire digestive system, and produces a small amount of CO2 in the [&hellip;]\" \/>\n<meta property=\"og:url\" content=\"https:\/\/levmilk.sk\/en\/produkt\/babicka-kefir-1-1\/\" \/>\n<meta property=\"og:site_name\" content=\"Levmilk | LEVICK\u00c9 MLIEK\u00c1RNE a.s.\" \/>\n<meta property=\"article:publisher\" content=\"https:\/\/www.facebook.com\/levickemliekarne\/\" \/>\n<meta property=\"og:image\" content=\"https:\/\/levmilk.sk\/wp-content\/uploads\/2025\/02\/BABICKA_Kefir_1L_PurePak.webp\" \/>\n\t<meta property=\"og:image:width\" content=\"700\" \/>\n\t<meta property=\"og:image:height\" content=\"700\" \/>\n\t<meta property=\"og:image:type\" content=\"image\/webp\" \/>\n<meta name=\"twitter:card\" content=\"summary_large_image\" \/>\n<meta name=\"twitter:label1\" content=\"Est. reading time\" \/>\n\t<meta name=\"twitter:data1\" content=\"1 minute\" \/>\n<script type=\"application\/ld+json\" class=\"yoast-schema-graph\">{\"@context\":\"https:\\\/\\\/schema.org\",\"@graph\":[{\"@type\":\"WebPage\",\"@id\":\"https:\\\/\\\/levmilk.sk\\\/en\\\/produkt\\\/babicka-kefir-1-1\\\/\",\"url\":\"https:\\\/\\\/levmilk.sk\\\/en\\\/produkt\\\/babicka-kefir-1-1\\\/\",\"name\":\"BABI\u010cKA Kefir 1.1% - Levmilk | LEVICK\u00c9 MLIEK\u00c1RNE a.s.\",\"isPartOf\":{\"@id\":\"https:\\\/\\\/levmilk.sk\\\/en\\\/#website\"},\"primaryImageOfPage\":{\"@id\":\"https:\\\/\\\/levmilk.sk\\\/en\\\/produkt\\\/babicka-kefir-1-1\\\/#primaryimage\"},\"image\":{\"@id\":\"https:\\\/\\\/levmilk.sk\\\/en\\\/produkt\\\/babicka-kefir-1-1\\\/#primaryimage\"},\"thumbnailUrl\":\"https:\\\/\\\/levmilk.sk\\\/wp-content\\\/uploads\\\/2025\\\/02\\\/BABICKA_Kefir_1L_PurePak.webp\",\"datePublished\":\"2025-02-13T16:08:45+00:00\",\"breadcrumb\":{\"@id\":\"https:\\\/\\\/levmilk.sk\\\/en\\\/produkt\\\/babicka-kefir-1-1\\\/#breadcrumb\"},\"inLanguage\":\"en-US\",\"potentialAction\":[{\"@type\":\"ReadAction\",\"target\":[\"https:\\\/\\\/levmilk.sk\\\/en\\\/produkt\\\/babicka-kefir-1-1\\\/\"]}]},{\"@type\":\"ImageObject\",\"inLanguage\":\"en-US\",\"@id\":\"https:\\\/\\\/levmilk.sk\\\/en\\\/produkt\\\/babicka-kefir-1-1\\\/#primaryimage\",\"url\":\"https:\\\/\\\/levmilk.sk\\\/wp-content\\\/uploads\\\/2025\\\/02\\\/BABICKA_Kefir_1L_PurePak.webp\",\"contentUrl\":\"https:\\\/\\\/levmilk.sk\\\/wp-content\\\/uploads\\\/2025\\\/02\\\/BABICKA_Kefir_1L_PurePak.webp\",\"width\":700,\"height\":700,\"caption\":\"Levmilk - BABI\u010cKA Kefir 1.1%\"},{\"@type\":\"BreadcrumbList\",\"@id\":\"https:\\\/\\\/levmilk.sk\\\/en\\\/produkt\\\/babicka-kefir-1-1\\\/#breadcrumb\",\"itemListElement\":[{\"@type\":\"ListItem\",\"position\":1,\"name\":\"Domovsk\u00e1 str\u00e1nka\",\"item\":\"https:\\\/\\\/levmilk.sk\\\/en\\\/\"},{\"@type\":\"ListItem\",\"position\":2,\"name\":\"Shop\",\"item\":\"https:\\\/\\\/levmilk.sk\\\/en\\\/shop\\\/\"},{\"@type\":\"ListItem\",\"position\":3,\"name\":\"BABI\u010cKA Kefir 1.1%\"}]},{\"@type\":\"WebSite\",\"@id\":\"https:\\\/\\\/levmilk.sk\\\/en\\\/#website\",\"url\":\"https:\\\/\\\/levmilk.sk\\\/en\\\/\",\"name\":\"Levmilk\",\"description\":\"\",\"publisher\":{\"@id\":\"https:\\\/\\\/levmilk.sk\\\/en\\\/#organization\"},\"potentialAction\":[{\"@type\":\"SearchAction\",\"target\":{\"@type\":\"EntryPoint\",\"urlTemplate\":\"https:\\\/\\\/levmilk.sk\\\/en\\\/?s={search_term_string}\"},\"query-input\":{\"@type\":\"PropertyValueSpecification\",\"valueRequired\":true,\"valueName\":\"search_term_string\"}}],\"inLanguage\":\"en-US\"},{\"@type\":\"Organization\",\"@id\":\"https:\\\/\\\/levmilk.sk\\\/en\\\/#organization\",\"name\":\"LEVICK\u00c9 MLIEK\u00c1RNE a.s.\",\"url\":\"https:\\\/\\\/levmilk.sk\\\/en\\\/\",\"logo\":{\"@type\":\"ImageObject\",\"inLanguage\":\"en-US\",\"@id\":\"https:\\\/\\\/levmilk.sk\\\/en\\\/#\\\/schema\\\/logo\\\/image\\\/\",\"url\":\"https:\\\/\\\/levmilk.sk\\\/wp-content\\\/uploads\\\/2025\\\/02\\\/logo-levmilk-bright.svg\",\"contentUrl\":\"https:\\\/\\\/levmilk.sk\\\/wp-content\\\/uploads\\\/2025\\\/02\\\/logo-levmilk-bright.svg\",\"caption\":\"LEVICK\u00c9 MLIEK\u00c1RNE a.s.\"},\"image\":{\"@id\":\"https:\\\/\\\/levmilk.sk\\\/en\\\/#\\\/schema\\\/logo\\\/image\\\/\"},\"sameAs\":[\"https:\\\/\\\/www.facebook.com\\\/levickemliekarne\\\/\",\"https:\\\/\\\/www.instagram.com\\\/levmilk\\\/\",\"https:\\\/\\\/www.youtube.com\\\/channel\\\/UCVHLqQlAiWGTtBhAIG1gxpw\\\/videos\"]}]}<\/script>\n<!-- \/ Yoast SEO plugin. -->","yoast_head_json":{"title":"BABI\u010cKA Kefir 1.1% - Levmilk | LEVICK\u00c9 MLIEK\u00c1RNE a.s.","robots":{"index":"index","follow":"follow","max-snippet":"max-snippet:-1","max-image-preview":"max-image-preview:large","max-video-preview":"max-video-preview:-1"},"canonical":"https:\/\/levmilk.sk\/en\/produkt\/babicka-kefir-1-1\/","og_locale":"en_US","og_type":"article","og_title":"BABI\u010cKA Kefir 1.1% - Levmilk | LEVICK\u00c9 MLIEK\u00c1RNE a.s.","og_description":"950 g BABI\u010cKA Kefir 1.1% is a fermented milk product containing several types of dairy kefir cultures, as well as beneficial and probiotic microorganisms. Due to the content of these beneficial microorganisms, kefir milk supports digestion, helps create a natural balance in the entire digestive system, and produces a small amount of CO2 in the [&hellip;]","og_url":"https:\/\/levmilk.sk\/en\/produkt\/babicka-kefir-1-1\/","og_site_name":"Levmilk | LEVICK\u00c9 MLIEK\u00c1RNE a.s.","article_publisher":"https:\/\/www.facebook.com\/levickemliekarne\/","og_image":[{"width":700,"height":700,"url":"https:\/\/levmilk.sk\/wp-content\/uploads\/2025\/02\/BABICKA_Kefir_1L_PurePak.webp","type":"image\/webp"}],"twitter_card":"summary_large_image","twitter_misc":{"Est. reading time":"1 minute"},"schema":{"@context":"https:\/\/schema.org","@graph":[{"@type":"WebPage","@id":"https:\/\/levmilk.sk\/en\/produkt\/babicka-kefir-1-1\/","url":"https:\/\/levmilk.sk\/en\/produkt\/babicka-kefir-1-1\/","name":"BABI\u010cKA Kefir 1.1% - Levmilk | LEVICK\u00c9 MLIEK\u00c1RNE a.s.","isPartOf":{"@id":"https:\/\/levmilk.sk\/en\/#website"},"primaryImageOfPage":{"@id":"https:\/\/levmilk.sk\/en\/produkt\/babicka-kefir-1-1\/#primaryimage"},"image":{"@id":"https:\/\/levmilk.sk\/en\/produkt\/babicka-kefir-1-1\/#primaryimage"},"thumbnailUrl":"https:\/\/levmilk.sk\/wp-content\/uploads\/2025\/02\/BABICKA_Kefir_1L_PurePak.webp","datePublished":"2025-02-13T16:08:45+00:00","breadcrumb":{"@id":"https:\/\/levmilk.sk\/en\/produkt\/babicka-kefir-1-1\/#breadcrumb"},"inLanguage":"en-US","potentialAction":[{"@type":"ReadAction","target":["https:\/\/levmilk.sk\/en\/produkt\/babicka-kefir-1-1\/"]}]},{"@type":"ImageObject","inLanguage":"en-US","@id":"https:\/\/levmilk.sk\/en\/produkt\/babicka-kefir-1-1\/#primaryimage","url":"https:\/\/levmilk.sk\/wp-content\/uploads\/2025\/02\/BABICKA_Kefir_1L_PurePak.webp","contentUrl":"https:\/\/levmilk.sk\/wp-content\/uploads\/2025\/02\/BABICKA_Kefir_1L_PurePak.webp","width":700,"height":700,"caption":"Levmilk - BABI\u010cKA Kefir 1.1%"},{"@type":"BreadcrumbList","@id":"https:\/\/levmilk.sk\/en\/produkt\/babicka-kefir-1-1\/#breadcrumb","itemListElement":[{"@type":"ListItem","position":1,"name":"Domovsk\u00e1 str\u00e1nka","item":"https:\/\/levmilk.sk\/en\/"},{"@type":"ListItem","position":2,"name":"Shop","item":"https:\/\/levmilk.sk\/en\/shop\/"},{"@type":"ListItem","position":3,"name":"BABI\u010cKA Kefir 1.1%"}]},{"@type":"WebSite","@id":"https:\/\/levmilk.sk\/en\/#website","url":"https:\/\/levmilk.sk\/en\/","name":"Levmilk","description":"","publisher":{"@id":"https:\/\/levmilk.sk\/en\/#organization"},"potentialAction":[{"@type":"SearchAction","target":{"@type":"EntryPoint","urlTemplate":"https:\/\/levmilk.sk\/en\/?s={search_term_string}"},"query-input":{"@type":"PropertyValueSpecification","valueRequired":true,"valueName":"search_term_string"}}],"inLanguage":"en-US"},{"@type":"Organization","@id":"https:\/\/levmilk.sk\/en\/#organization","name":"LEVICK\u00c9 MLIEK\u00c1RNE a.s.","url":"https:\/\/levmilk.sk\/en\/","logo":{"@type":"ImageObject","inLanguage":"en-US","@id":"https:\/\/levmilk.sk\/en\/#\/schema\/logo\/image\/","url":"https:\/\/levmilk.sk\/wp-content\/uploads\/2025\/02\/logo-levmilk-bright.svg","contentUrl":"https:\/\/levmilk.sk\/wp-content\/uploads\/2025\/02\/logo-levmilk-bright.svg","caption":"LEVICK\u00c9 MLIEK\u00c1RNE a.s."},"image":{"@id":"https:\/\/levmilk.sk\/en\/#\/schema\/logo\/image\/"},"sameAs":["https:\/\/www.facebook.com\/levickemliekarne\/","https:\/\/www.instagram.com\/levmilk\/","https:\/\/www.youtube.com\/channel\/UCVHLqQlAiWGTtBhAIG1gxpw\/videos"]}]}},"_links":{"self":[{"href":"https:\/\/levmilk.sk\/en\/wp-json\/wp\/v2\/product\/11553","targetHints":{"allow":["GET"]}}],"collection":[{"href":"https:\/\/levmilk.sk\/en\/wp-json\/wp\/v2\/product"}],"about":[{"href":"https:\/\/levmilk.sk\/en\/wp-json\/wp\/v2\/types\/product"}],"wp:featuredmedia":[{"embeddable":true,"href":"https:\/\/levmilk.sk\/en\/wp-json\/wp\/v2\/media\/11556"}],"wp:attachment":[{"href":"https:\/\/levmilk.sk\/en\/wp-json\/wp\/v2\/media?parent=11553"}],"wp:term":[{"taxonomy":"product_brand","embeddable":true,"href":"https:\/\/levmilk.sk\/en\/wp-json\/wp\/v2\/product_brand?post=11553"},{"taxonomy":"product_cat","embeddable":true,"href":"https:\/\/levmilk.sk\/en\/wp-json\/wp\/v2\/product_cat?post=11553"},{"taxonomy":"product_tag","embeddable":true,"href":"https:\/\/levmilk.sk\/en\/wp-json\/wp\/v2\/product_tag?post=11553"}],"curies":[{"name":"wp","href":"https:\/\/api.w.org\/{rel}","templated":true}]}}