{"id":11614,"date":"2025-02-18T22:38:57","date_gmt":"2025-02-18T21:38:57","guid":{"rendered":"https:\/\/levmilk.sk\/produkt\/niva-original-golden-ducat\/"},"modified":"2025-02-18T22:38:57","modified_gmt":"2025-02-18T21:38:57","slug":"niva-original-golden-ducat","status":"publish","type":"product","link":"https:\/\/levmilk.sk\/en\/produkt\/niva-original-golden-ducat\/","title":{"rendered":"NIVA ORIGINAL GOLDEN ducat"},"content":{"rendered":"<div class=\"hmotnost-dlha\">portions approx. 125g<\/div>\n<div><\/div>\n<p>NIVA ORIGINAL GOLD, like the NIVA ORIGINAL blue-mould cheese, is produced according to a traditional recipe, but with a higher fat content. Thanks to its longer maturation period of up to 5 weeks, it boasts an unmistakable, subtly buttery taste with a slightly spicy, peppery finish. <\/p>\n<div class=\"zlozenie-nadpis\">Product ingredients:<\/div>\n<div class=\"zlozenie\">pasteurized <strong>milk<\/strong>, edible salt (max. 5.5% by weight), stabilizer: calcium chloride, rennet, dairy cultures, beta-carotene, noble mould <em>Penicillium roqueforti<\/em><\/div>\n<div><\/div>\n<table class=\"tabulka\">\n<thead>\n<tr>\n<th>Nutrition facts table per 100g<\/th>\n<th><\/th>\n<th>* % RI<\/th>\n<\/tr>\n<\/thead>\n<tbody>\n<tr>\n<td>Energy<\/td>\n<td>1450 kJ \/ 350 kcal<\/td>\n<td>17<\/td>\n<\/tr>\n<\/tbody>\n<tbody>\n<tr>\n<td>Fats<\/td>\n<td>30 g<\/td>\n<td>43<\/td>\n<\/tr>\n<\/tbody>\n<tbody>\n<tr>\n<td>Saturated fatty acids<\/td>\n<td>20 g<\/td>\n<td>100<\/td>\n<\/tr>\n<\/tbody>\n<tbody>\n<tr>\n<td>Carbohydrates<\/td>\n<td>1 g<\/td>\n<td>0.4<\/td>\n<\/tr>\n<\/tbody>\n<tbody>\n<tr>\n<td>of which Sugars<\/td>\n<td>&lt;0.5 g<\/td>\n<td>0.5<\/td>\n<\/tr>\n<\/tbody>\n<tbody>\n<tr>\n<td>Proteins<\/td>\n<td>19 g<\/td>\n<td>38<\/td>\n<\/tr>\n<\/tbody>\n<tbody>\n<tr>\n<td>Salt<\/td>\n<td>4.4 g<\/td>\n<td>73<\/td>\n<\/tr>\n<\/tbody>\n<\/table>\n<div><\/div>\n<div class=\"zlozenie-nadpis\">Logistic data:<\/div>\n<div class=\"zlozenie\">EAN: 296985, Shelf life: 40 days, Packaging: 16 pcs\/carton<\/div>\n<p><img decoding=\"async\" class=\"alignnone wp-image-7931\" src=\"https:\/\/levmilk.sk\/wp-content\/uploads\/2025\/02\/levmilk_niva-original_benefity-rucna-vyroba.webp\" alt=\"Handcrafted - Benefits of NIVA ORIGINAL from Levmilk\" width=\"120\" height=\"120\" srcset=\"https:\/\/levmilk.sk\/wp-content\/uploads\/2025\/02\/levmilk_niva-original_benefity-rucna-vyroba.webp 250w, https:\/\/levmilk.sk\/wp-content\/uploads\/2025\/02\/levmilk_niva-original_benefity-rucna-vyroba-150x150.webp 150w, https:\/\/levmilk.sk\/wp-content\/uploads\/2025\/02\/levmilk_niva-original_benefity-rucna-vyroba-100x100.webp 100w\" sizes=\"(max-width: 120px) 100vw, 120px\" \/><img decoding=\"async\" class=\"alignnone wp-image-7930\" src=\"https:\/\/levmilk.sk\/wp-content\/uploads\/2025\/02\/levmilk_niva-original_benefity-original.webp\" alt=\"Original Recipe - Benefits of NIVA ORIGINAL from Levmilk\" width=\"120\" height=\"120\" srcset=\"https:\/\/levmilk.sk\/wp-content\/uploads\/2025\/02\/levmilk_niva-original_benefity-original.webp 250w, https:\/\/levmilk.sk\/wp-content\/uploads\/2025\/02\/levmilk_niva-original_benefity-original-150x150.webp 150w, https:\/\/levmilk.sk\/wp-content\/uploads\/2025\/02\/levmilk_niva-original_benefity-original-100x100.webp 100w\" sizes=\"(max-width: 120px) 100vw, 120px\" \/><img decoding=\"async\" class=\"alignnone wp-image-7929\" src=\"https:\/\/levmilk.sk\/wp-content\/uploads\/2025\/02\/levmilk_niva-original_benefity-100percent-slovenske.webp\" alt=\"100% Slovak Product - Benefits of NIVA ORIGINAL from Levmilk\" width=\"120\" height=\"120\" srcset=\"https:\/\/levmilk.sk\/wp-content\/uploads\/2025\/02\/levmilk_niva-original_benefity-100percent-slovenske.webp 250w, https:\/\/levmilk.sk\/wp-content\/uploads\/2025\/02\/levmilk_niva-original_benefity-100percent-slovenske-150x150.webp 150w, https:\/\/levmilk.sk\/wp-content\/uploads\/2025\/02\/levmilk_niva-original_benefity-100percent-slovenske-100x100.webp 100w\" sizes=\"(max-width: 120px) 100vw, 120px\" \/><\/p>\n<p><a id=\"onive\" href=\"https:\/\/levmilk.sk\/en\/niva-original\/\">More about NIVA ORIGINAL<\/a><\/p>\n","protected":false},"excerpt":{"rendered":"<p>portions approx. 125g NIVA ORIGINAL GOLD, like the NIVA ORIGINAL blue-mould cheese, is produced according to a traditional recipe, but with a higher fat content. Thanks to its longer maturation period of up to 5 weeks, it boasts an unmistakable, subtly buttery taste with a slightly spicy, peppery finish. Product ingredients: pasteurized milk, edible salt [&hellip;]<\/p>\n","protected":false},"featured_media":10317,"template":"","meta":{"_acf_changed":false},"product_brand":[],"product_cat":[95],"product_tag":[96,90],"class_list":{"0":"post-11614","1":"product","2":"type-product","3":"status-publish","4":"has-post-thumbnail","6":"product_cat-blue-cheeses","7":"product_tag-farba-plesnove-syry-gold","8":"product_tag-gold","10":"first","11":"instock","12":"shipping-taxable","13":"product-type-simple"},"acf":[],"yoast_head":"<!-- This site is optimized with the Yoast SEO plugin v27.4 - https:\/\/yoast.com\/product\/yoast-seo-wordpress\/ -->\n<title>NIVA ORIGINAL GOLDEN ducat - Levmilk | LEVICK\u00c9 MLIEK\u00c1RNE a.s.<\/title>\n<meta name=\"robots\" content=\"index, follow, max-snippet:-1, max-image-preview:large, max-video-preview:-1\" \/>\n<link rel=\"canonical\" href=\"https:\/\/levmilk.sk\/en\/produkt\/niva-original-golden-ducat\/\" \/>\n<meta property=\"og:locale\" content=\"en_US\" \/>\n<meta property=\"og:type\" content=\"article\" \/>\n<meta property=\"og:title\" content=\"NIVA ORIGINAL GOLDEN ducat - Levmilk | LEVICK\u00c9 MLIEK\u00c1RNE a.s.\" \/>\n<meta property=\"og:description\" content=\"portions approx. 125g NIVA ORIGINAL GOLD, like the NIVA ORIGINAL blue-mould cheese, is produced according to a traditional recipe, but with a higher fat content. Thanks to its longer maturation period of up to 5 weeks, it boasts an unmistakable, subtly buttery taste with a slightly spicy, peppery finish. Product ingredients: pasteurized milk, edible salt [&hellip;]\" \/>\n<meta property=\"og:url\" content=\"https:\/\/levmilk.sk\/en\/produkt\/niva-original-golden-ducat\/\" \/>\n<meta property=\"og:site_name\" content=\"Levmilk | LEVICK\u00c9 MLIEK\u00c1RNE a.s.\" \/>\n<meta property=\"article:publisher\" content=\"https:\/\/www.facebook.com\/levickemliekarne\/\" \/>\n<meta property=\"og:image\" content=\"https:\/\/levmilk.sk\/wp-content\/uploads\/2025\/02\/Niva_zlata_valec_dukatB.webp\" \/>\n\t<meta property=\"og:image:width\" content=\"700\" \/>\n\t<meta property=\"og:image:height\" content=\"700\" \/>\n\t<meta property=\"og:image:type\" content=\"image\/webp\" \/>\n<meta name=\"twitter:card\" content=\"summary_large_image\" \/>\n<meta name=\"twitter:label1\" content=\"Est. reading time\" \/>\n\t<meta name=\"twitter:data1\" content=\"1 minute\" \/>\n<script type=\"application\/ld+json\" class=\"yoast-schema-graph\">{\"@context\":\"https:\\\/\\\/schema.org\",\"@graph\":[{\"@type\":\"WebPage\",\"@id\":\"https:\\\/\\\/levmilk.sk\\\/en\\\/produkt\\\/niva-original-golden-ducat\\\/\",\"url\":\"https:\\\/\\\/levmilk.sk\\\/en\\\/produkt\\\/niva-original-golden-ducat\\\/\",\"name\":\"NIVA ORIGINAL GOLDEN ducat - Levmilk | LEVICK\u00c9 MLIEK\u00c1RNE a.s.\",\"isPartOf\":{\"@id\":\"https:\\\/\\\/levmilk.sk\\\/en\\\/#website\"},\"primaryImageOfPage\":{\"@id\":\"https:\\\/\\\/levmilk.sk\\\/en\\\/produkt\\\/niva-original-golden-ducat\\\/#primaryimage\"},\"image\":{\"@id\":\"https:\\\/\\\/levmilk.sk\\\/en\\\/produkt\\\/niva-original-golden-ducat\\\/#primaryimage\"},\"thumbnailUrl\":\"https:\\\/\\\/levmilk.sk\\\/wp-content\\\/uploads\\\/2025\\\/02\\\/Niva_zlata_valec_dukatB.webp\",\"datePublished\":\"2025-02-18T21:38:57+00:00\",\"breadcrumb\":{\"@id\":\"https:\\\/\\\/levmilk.sk\\\/en\\\/produkt\\\/niva-original-golden-ducat\\\/#breadcrumb\"},\"inLanguage\":\"en-US\",\"potentialAction\":[{\"@type\":\"ReadAction\",\"target\":[\"https:\\\/\\\/levmilk.sk\\\/en\\\/produkt\\\/niva-original-golden-ducat\\\/\"]}]},{\"@type\":\"ImageObject\",\"inLanguage\":\"en-US\",\"@id\":\"https:\\\/\\\/levmilk.sk\\\/en\\\/produkt\\\/niva-original-golden-ducat\\\/#primaryimage\",\"url\":\"https:\\\/\\\/levmilk.sk\\\/wp-content\\\/uploads\\\/2025\\\/02\\\/Niva_zlata_valec_dukatB.webp\",\"contentUrl\":\"https:\\\/\\\/levmilk.sk\\\/wp-content\\\/uploads\\\/2025\\\/02\\\/Niva_zlata_valec_dukatB.webp\",\"width\":700,\"height\":700,\"caption\":\"Levmilk - NIVA ORIGIN\u00c1L ZLAT\u00c1 duk\u00e1t\"},{\"@type\":\"BreadcrumbList\",\"@id\":\"https:\\\/\\\/levmilk.sk\\\/en\\\/produkt\\\/niva-original-golden-ducat\\\/#breadcrumb\",\"itemListElement\":[{\"@type\":\"ListItem\",\"position\":1,\"name\":\"Domovsk\u00e1 str\u00e1nka\",\"item\":\"https:\\\/\\\/levmilk.sk\\\/en\\\/\"},{\"@type\":\"ListItem\",\"position\":2,\"name\":\"Shop\",\"item\":\"https:\\\/\\\/levmilk.sk\\\/en\\\/shop\\\/\"},{\"@type\":\"ListItem\",\"position\":3,\"name\":\"NIVA ORIGINAL GOLDEN ducat\"}]},{\"@type\":\"WebSite\",\"@id\":\"https:\\\/\\\/levmilk.sk\\\/en\\\/#website\",\"url\":\"https:\\\/\\\/levmilk.sk\\\/en\\\/\",\"name\":\"Levmilk\",\"description\":\"\",\"publisher\":{\"@id\":\"https:\\\/\\\/levmilk.sk\\\/en\\\/#organization\"},\"potentialAction\":[{\"@type\":\"SearchAction\",\"target\":{\"@type\":\"EntryPoint\",\"urlTemplate\":\"https:\\\/\\\/levmilk.sk\\\/en\\\/?s={search_term_string}\"},\"query-input\":{\"@type\":\"PropertyValueSpecification\",\"valueRequired\":true,\"valueName\":\"search_term_string\"}}],\"inLanguage\":\"en-US\"},{\"@type\":\"Organization\",\"@id\":\"https:\\\/\\\/levmilk.sk\\\/en\\\/#organization\",\"name\":\"LEVICK\u00c9 MLIEK\u00c1RNE a.s.\",\"url\":\"https:\\\/\\\/levmilk.sk\\\/en\\\/\",\"logo\":{\"@type\":\"ImageObject\",\"inLanguage\":\"en-US\",\"@id\":\"https:\\\/\\\/levmilk.sk\\\/en\\\/#\\\/schema\\\/logo\\\/image\\\/\",\"url\":\"https:\\\/\\\/levmilk.sk\\\/wp-content\\\/uploads\\\/2025\\\/02\\\/logo-levmilk-bright.svg\",\"contentUrl\":\"https:\\\/\\\/levmilk.sk\\\/wp-content\\\/uploads\\\/2025\\\/02\\\/logo-levmilk-bright.svg\",\"caption\":\"LEVICK\u00c9 MLIEK\u00c1RNE a.s.\"},\"image\":{\"@id\":\"https:\\\/\\\/levmilk.sk\\\/en\\\/#\\\/schema\\\/logo\\\/image\\\/\"},\"sameAs\":[\"https:\\\/\\\/www.facebook.com\\\/levickemliekarne\\\/\",\"https:\\\/\\\/www.instagram.com\\\/levmilk\\\/\",\"https:\\\/\\\/www.youtube.com\\\/channel\\\/UCVHLqQlAiWGTtBhAIG1gxpw\\\/videos\"]}]}<\/script>\n<!-- \/ Yoast SEO plugin. -->","yoast_head_json":{"title":"NIVA ORIGINAL GOLDEN ducat - Levmilk | LEVICK\u00c9 MLIEK\u00c1RNE a.s.","robots":{"index":"index","follow":"follow","max-snippet":"max-snippet:-1","max-image-preview":"max-image-preview:large","max-video-preview":"max-video-preview:-1"},"canonical":"https:\/\/levmilk.sk\/en\/produkt\/niva-original-golden-ducat\/","og_locale":"en_US","og_type":"article","og_title":"NIVA ORIGINAL GOLDEN ducat - Levmilk | LEVICK\u00c9 MLIEK\u00c1RNE a.s.","og_description":"portions approx. 125g NIVA ORIGINAL GOLD, like the NIVA ORIGINAL blue-mould cheese, is produced according to a traditional recipe, but with a higher fat content. Thanks to its longer maturation period of up to 5 weeks, it boasts an unmistakable, subtly buttery taste with a slightly spicy, peppery finish. Product ingredients: pasteurized milk, edible salt [&hellip;]","og_url":"https:\/\/levmilk.sk\/en\/produkt\/niva-original-golden-ducat\/","og_site_name":"Levmilk | LEVICK\u00c9 MLIEK\u00c1RNE a.s.","article_publisher":"https:\/\/www.facebook.com\/levickemliekarne\/","og_image":[{"width":700,"height":700,"url":"https:\/\/levmilk.sk\/wp-content\/uploads\/2025\/02\/Niva_zlata_valec_dukatB.webp","type":"image\/webp"}],"twitter_card":"summary_large_image","twitter_misc":{"Est. reading time":"1 minute"},"schema":{"@context":"https:\/\/schema.org","@graph":[{"@type":"WebPage","@id":"https:\/\/levmilk.sk\/en\/produkt\/niva-original-golden-ducat\/","url":"https:\/\/levmilk.sk\/en\/produkt\/niva-original-golden-ducat\/","name":"NIVA ORIGINAL GOLDEN ducat - Levmilk | LEVICK\u00c9 MLIEK\u00c1RNE a.s.","isPartOf":{"@id":"https:\/\/levmilk.sk\/en\/#website"},"primaryImageOfPage":{"@id":"https:\/\/levmilk.sk\/en\/produkt\/niva-original-golden-ducat\/#primaryimage"},"image":{"@id":"https:\/\/levmilk.sk\/en\/produkt\/niva-original-golden-ducat\/#primaryimage"},"thumbnailUrl":"https:\/\/levmilk.sk\/wp-content\/uploads\/2025\/02\/Niva_zlata_valec_dukatB.webp","datePublished":"2025-02-18T21:38:57+00:00","breadcrumb":{"@id":"https:\/\/levmilk.sk\/en\/produkt\/niva-original-golden-ducat\/#breadcrumb"},"inLanguage":"en-US","potentialAction":[{"@type":"ReadAction","target":["https:\/\/levmilk.sk\/en\/produkt\/niva-original-golden-ducat\/"]}]},{"@type":"ImageObject","inLanguage":"en-US","@id":"https:\/\/levmilk.sk\/en\/produkt\/niva-original-golden-ducat\/#primaryimage","url":"https:\/\/levmilk.sk\/wp-content\/uploads\/2025\/02\/Niva_zlata_valec_dukatB.webp","contentUrl":"https:\/\/levmilk.sk\/wp-content\/uploads\/2025\/02\/Niva_zlata_valec_dukatB.webp","width":700,"height":700,"caption":"Levmilk - NIVA ORIGIN\u00c1L ZLAT\u00c1 duk\u00e1t"},{"@type":"BreadcrumbList","@id":"https:\/\/levmilk.sk\/en\/produkt\/niva-original-golden-ducat\/#breadcrumb","itemListElement":[{"@type":"ListItem","position":1,"name":"Domovsk\u00e1 str\u00e1nka","item":"https:\/\/levmilk.sk\/en\/"},{"@type":"ListItem","position":2,"name":"Shop","item":"https:\/\/levmilk.sk\/en\/shop\/"},{"@type":"ListItem","position":3,"name":"NIVA ORIGINAL GOLDEN ducat"}]},{"@type":"WebSite","@id":"https:\/\/levmilk.sk\/en\/#website","url":"https:\/\/levmilk.sk\/en\/","name":"Levmilk","description":"","publisher":{"@id":"https:\/\/levmilk.sk\/en\/#organization"},"potentialAction":[{"@type":"SearchAction","target":{"@type":"EntryPoint","urlTemplate":"https:\/\/levmilk.sk\/en\/?s={search_term_string}"},"query-input":{"@type":"PropertyValueSpecification","valueRequired":true,"valueName":"search_term_string"}}],"inLanguage":"en-US"},{"@type":"Organization","@id":"https:\/\/levmilk.sk\/en\/#organization","name":"LEVICK\u00c9 MLIEK\u00c1RNE a.s.","url":"https:\/\/levmilk.sk\/en\/","logo":{"@type":"ImageObject","inLanguage":"en-US","@id":"https:\/\/levmilk.sk\/en\/#\/schema\/logo\/image\/","url":"https:\/\/levmilk.sk\/wp-content\/uploads\/2025\/02\/logo-levmilk-bright.svg","contentUrl":"https:\/\/levmilk.sk\/wp-content\/uploads\/2025\/02\/logo-levmilk-bright.svg","caption":"LEVICK\u00c9 MLIEK\u00c1RNE a.s."},"image":{"@id":"https:\/\/levmilk.sk\/en\/#\/schema\/logo\/image\/"},"sameAs":["https:\/\/www.facebook.com\/levickemliekarne\/","https:\/\/www.instagram.com\/levmilk\/","https:\/\/www.youtube.com\/channel\/UCVHLqQlAiWGTtBhAIG1gxpw\/videos"]}]}},"_links":{"self":[{"href":"https:\/\/levmilk.sk\/en\/wp-json\/wp\/v2\/product\/11614","targetHints":{"allow":["GET"]}}],"collection":[{"href":"https:\/\/levmilk.sk\/en\/wp-json\/wp\/v2\/product"}],"about":[{"href":"https:\/\/levmilk.sk\/en\/wp-json\/wp\/v2\/types\/product"}],"wp:featuredmedia":[{"embeddable":true,"href":"https:\/\/levmilk.sk\/en\/wp-json\/wp\/v2\/media\/10317"}],"wp:attachment":[{"href":"https:\/\/levmilk.sk\/en\/wp-json\/wp\/v2\/media?parent=11614"}],"wp:term":[{"taxonomy":"product_brand","embeddable":true,"href":"https:\/\/levmilk.sk\/en\/wp-json\/wp\/v2\/product_brand?post=11614"},{"taxonomy":"product_cat","embeddable":true,"href":"https:\/\/levmilk.sk\/en\/wp-json\/wp\/v2\/product_cat?post=11614"},{"taxonomy":"product_tag","embeddable":true,"href":"https:\/\/levmilk.sk\/en\/wp-json\/wp\/v2\/product_tag?post=11614"}],"curies":[{"name":"wp","href":"https:\/\/api.w.org\/{rel}","templated":true}]}}