{"id":11666,"date":"2025-02-18T22:52:20","date_gmt":"2025-02-18T21:52:20","guid":{"rendered":"https:\/\/levmilk.sk\/produkt\/tekovsky-salamovy-syr-smoked-block-xxl-pack-350g\/"},"modified":"2025-02-18T22:52:20","modified_gmt":"2025-02-18T21:52:20","slug":"tekovsky-salamovy-syr-smoked-block-xxl-pack-350g","status":"publish","type":"product","link":"https:\/\/levmilk.sk\/en\/produkt\/tekovsky-salamovy-syr-smoked-block-xxl-pack-350g\/","title":{"rendered":"TEKOVSK\u00dd SAL\u00c1MOV\u00dd SYR Smoked Block XXL Pack 350g"},"content":{"rendered":"<div class=\"hmotnost\">350 g<\/div>\n<div><\/div>\n<p>TEKOVSK\u00dd SAL\u00c1MOV\u00dd SYR is the primary and most renowned representative of our company&#8217;s natural aged cheeses. It is made exclusively from Slovak cow&#8217;s milk, carefully produced by farmers, mainly from the Tekov region. It contains no vegetable fats, preservatives, or artificial colors. It is produced using traditional methods with a high proportion of precise manual labor throughout the entire process. The cheese curds are manually spread in vats, which gives the cheese a uniform texture. After pressing, the cheeses are carefully hand-selected, manually shaped into their final form, and stored for ripening, which lasts several weeks, during which they acquire their typical delicious cheese flavor. Through this unique production process, Tekovsk\u00fd Sal\u00e1mov\u00fd Syr has become a bearer of the rich cheesemaking tradition in the Tekov region, where it is also produced. Tekovsk\u00fd Sal\u00e1mov\u00fd Syr is the only Slovak natural cheese that holds the prestigious European certificate &#8220;Protected Geographical Indication&#8221;. It received this certificate for its traditional recipe, verified over decades, based on classic production methods, while maintaining a high proportion of precise manual labor. It is produced in two variants: unsmoked and smoked, the latter being smoked in the traditional way over beech wood.         <\/p>\n<div class=\"zlozenie-nadpis\">Product ingredients:<\/div>\n<div class=\"zlozenie\">pasteurized milk, edible salt max 2.5% by weight, stabilizer: calcium chloride, rennet, dairy cultures<\/div>\n<div><\/div>\n<table class=\"tabulka\">\n<thead>\n<tr>\n<th>Nutrition facts table per 100g<\/th>\n<th><\/th>\n<th>* % RI<\/th>\n<\/tr>\n<\/thead>\n<tbody>\n<tr>\n<td>Energy<\/td>\n<td>1411 kJ \/ 340 kcal<\/td>\n<td>17<\/td>\n<\/tr>\n<\/tbody>\n<tbody>\n<tr>\n<td>Fat<\/td>\n<td>26 g<\/td>\n<td>37<\/td>\n<\/tr>\n<\/tbody>\n<tbody>\n<tr>\n<td>Of which saturates<\/td>\n<td>17 g<\/td>\n<td>85<\/td>\n<\/tr>\n<\/tbody>\n<tbody>\n<tr>\n<td>Carbohydrates<\/td>\n<td>2.5 g<\/td>\n<td>1<\/td>\n<\/tr>\n<\/tbody>\n<tbody>\n<tr>\n<td>Of which sugars<\/td>\n<td>&lt;0.5 g<\/td>\n<td>&lt;1<\/td>\n<\/tr>\n<\/tbody>\n<tbody>\n<tr>\n<td>Protein<\/td>\n<td>25 g<\/td>\n<td>50<\/td>\n<\/tr>\n<\/tbody>\n<tbody>\n<tr>\n<td>Salt<\/td>\n<td>1.6 g<\/td>\n<td>27<\/td>\n<\/tr>\n<\/tbody>\n<\/table>\n<div><\/div>\n<div class=\"zlozenie-nadpis\">Logistic data:<\/div>\n<div class=\"zlozenie\">EAN: 8588000057023, Shelf life: 90 days, Packaging: 10 pcs\/carton<\/div>\n","protected":false},"excerpt":{"rendered":"<p>350 g TEKOVSK\u00dd SAL\u00c1MOV\u00dd SYR is the primary and most renowned representative of our company&#8217;s natural aged cheeses. It is made exclusively from Slovak cow&#8217;s milk, carefully produced by farmers, mainly from the Tekov region. It contains no vegetable fats, preservatives, or artificial colors. It is produced using traditional methods with a high proportion of [&hellip;]<\/p>\n","protected":false},"featured_media":10464,"template":"","meta":{"_acf_changed":false},"product_brand":[],"product_cat":[85],"product_tag":[87,91,90],"class_list":{"0":"post-11666","1":"product","2":"type-product","3":"status-publish","4":"has-post-thumbnail","6":"product_cat-natural-cheeses","7":"product_tag-farba-prirodne-syry","8":"product_tag-geographical","9":"product_tag-gold","11":"first","12":"instock","13":"shipping-taxable","14":"product-type-simple"},"acf":[],"yoast_head":"<!-- This site is optimized with the Yoast SEO plugin v27.4 - https:\/\/yoast.com\/product\/yoast-seo-wordpress\/ -->\n<title>TEKOVSK\u00dd SAL\u00c1MOV\u00dd SYR Smoked Block XXL Pack 350g - Levmilk | LEVICK\u00c9 MLIEK\u00c1RNE a.s.<\/title>\n<meta name=\"robots\" content=\"index, follow, max-snippet:-1, max-image-preview:large, max-video-preview:-1\" \/>\n<link rel=\"canonical\" href=\"https:\/\/levmilk.sk\/en\/produkt\/tekovsky-salamovy-syr-smoked-block-xxl-pack-350g\/\" \/>\n<meta property=\"og:locale\" content=\"en_US\" \/>\n<meta property=\"og:type\" content=\"article\" \/>\n<meta property=\"og:title\" content=\"TEKOVSK\u00dd SAL\u00c1MOV\u00dd SYR Smoked Block XXL Pack 350g - Levmilk | LEVICK\u00c9 MLIEK\u00c1RNE a.s.\" \/>\n<meta property=\"og:description\" content=\"350 g TEKOVSK\u00dd SAL\u00c1MOV\u00dd SYR is the primary and most renowned representative of our company&#8217;s natural aged cheeses. It is made exclusively from Slovak cow&#8217;s milk, carefully produced by farmers, mainly from the Tekov region. It contains no vegetable fats, preservatives, or artificial colors. It is produced using traditional methods with a high proportion of [&hellip;]\" \/>\n<meta property=\"og:url\" content=\"https:\/\/levmilk.sk\/en\/produkt\/tekovsky-salamovy-syr-smoked-block-xxl-pack-350g\/\" \/>\n<meta property=\"og:site_name\" content=\"Levmilk | LEVICK\u00c9 MLIEK\u00c1RNE a.s.\" \/>\n<meta property=\"article:publisher\" content=\"https:\/\/www.facebook.com\/levickemliekarne\/\" \/>\n<meta property=\"og:image\" content=\"https:\/\/levmilk.sk\/wp-content\/uploads\/2025\/02\/3d_Salamovy-syr-UDENY-blok.webp\" \/>\n\t<meta property=\"og:image:width\" content=\"700\" \/>\n\t<meta property=\"og:image:height\" content=\"700\" \/>\n\t<meta property=\"og:image:type\" content=\"image\/webp\" \/>\n<meta name=\"twitter:card\" content=\"summary_large_image\" \/>\n<meta name=\"twitter:label1\" content=\"Est. reading time\" \/>\n\t<meta name=\"twitter:data1\" content=\"1 minute\" \/>\n<script type=\"application\/ld+json\" class=\"yoast-schema-graph\">{\"@context\":\"https:\\\/\\\/schema.org\",\"@graph\":[{\"@type\":\"WebPage\",\"@id\":\"https:\\\/\\\/levmilk.sk\\\/en\\\/produkt\\\/tekovsky-salamovy-syr-smoked-block-xxl-pack-350g\\\/\",\"url\":\"https:\\\/\\\/levmilk.sk\\\/en\\\/produkt\\\/tekovsky-salamovy-syr-smoked-block-xxl-pack-350g\\\/\",\"name\":\"TEKOVSK\u00dd SAL\u00c1MOV\u00dd SYR Smoked Block XXL Pack 350g - Levmilk | LEVICK\u00c9 MLIEK\u00c1RNE a.s.\",\"isPartOf\":{\"@id\":\"https:\\\/\\\/levmilk.sk\\\/en\\\/#website\"},\"primaryImageOfPage\":{\"@id\":\"https:\\\/\\\/levmilk.sk\\\/en\\\/produkt\\\/tekovsky-salamovy-syr-smoked-block-xxl-pack-350g\\\/#primaryimage\"},\"image\":{\"@id\":\"https:\\\/\\\/levmilk.sk\\\/en\\\/produkt\\\/tekovsky-salamovy-syr-smoked-block-xxl-pack-350g\\\/#primaryimage\"},\"thumbnailUrl\":\"https:\\\/\\\/levmilk.sk\\\/wp-content\\\/uploads\\\/2025\\\/02\\\/3d_Salamovy-syr-UDENY-blok.webp\",\"datePublished\":\"2025-02-18T21:52:20+00:00\",\"breadcrumb\":{\"@id\":\"https:\\\/\\\/levmilk.sk\\\/en\\\/produkt\\\/tekovsky-salamovy-syr-smoked-block-xxl-pack-350g\\\/#breadcrumb\"},\"inLanguage\":\"en-US\",\"potentialAction\":[{\"@type\":\"ReadAction\",\"target\":[\"https:\\\/\\\/levmilk.sk\\\/en\\\/produkt\\\/tekovsky-salamovy-syr-smoked-block-xxl-pack-350g\\\/\"]}]},{\"@type\":\"ImageObject\",\"inLanguage\":\"en-US\",\"@id\":\"https:\\\/\\\/levmilk.sk\\\/en\\\/produkt\\\/tekovsky-salamovy-syr-smoked-block-xxl-pack-350g\\\/#primaryimage\",\"url\":\"https:\\\/\\\/levmilk.sk\\\/wp-content\\\/uploads\\\/2025\\\/02\\\/3d_Salamovy-syr-UDENY-blok.webp\",\"contentUrl\":\"https:\\\/\\\/levmilk.sk\\\/wp-content\\\/uploads\\\/2025\\\/02\\\/3d_Salamovy-syr-UDENY-blok.webp\",\"width\":700,\"height\":700,\"caption\":\"Levmilk - TEKOVSK\u00dd SAL\u00c1MOV\u00dd SYR \u00faden\u00fd blok XXL balenie 350g\"},{\"@type\":\"BreadcrumbList\",\"@id\":\"https:\\\/\\\/levmilk.sk\\\/en\\\/produkt\\\/tekovsky-salamovy-syr-smoked-block-xxl-pack-350g\\\/#breadcrumb\",\"itemListElement\":[{\"@type\":\"ListItem\",\"position\":1,\"name\":\"Domovsk\u00e1 str\u00e1nka\",\"item\":\"https:\\\/\\\/levmilk.sk\\\/en\\\/\"},{\"@type\":\"ListItem\",\"position\":2,\"name\":\"Shop\",\"item\":\"https:\\\/\\\/levmilk.sk\\\/en\\\/shop\\\/\"},{\"@type\":\"ListItem\",\"position\":3,\"name\":\"TEKOVSK\u00dd SAL\u00c1MOV\u00dd SYR Smoked Block XXL Pack 350g\"}]},{\"@type\":\"WebSite\",\"@id\":\"https:\\\/\\\/levmilk.sk\\\/en\\\/#website\",\"url\":\"https:\\\/\\\/levmilk.sk\\\/en\\\/\",\"name\":\"Levmilk\",\"description\":\"\",\"publisher\":{\"@id\":\"https:\\\/\\\/levmilk.sk\\\/en\\\/#organization\"},\"potentialAction\":[{\"@type\":\"SearchAction\",\"target\":{\"@type\":\"EntryPoint\",\"urlTemplate\":\"https:\\\/\\\/levmilk.sk\\\/en\\\/?s={search_term_string}\"},\"query-input\":{\"@type\":\"PropertyValueSpecification\",\"valueRequired\":true,\"valueName\":\"search_term_string\"}}],\"inLanguage\":\"en-US\"},{\"@type\":\"Organization\",\"@id\":\"https:\\\/\\\/levmilk.sk\\\/en\\\/#organization\",\"name\":\"LEVICK\u00c9 MLIEK\u00c1RNE a.s.\",\"url\":\"https:\\\/\\\/levmilk.sk\\\/en\\\/\",\"logo\":{\"@type\":\"ImageObject\",\"inLanguage\":\"en-US\",\"@id\":\"https:\\\/\\\/levmilk.sk\\\/en\\\/#\\\/schema\\\/logo\\\/image\\\/\",\"url\":\"https:\\\/\\\/levmilk.sk\\\/wp-content\\\/uploads\\\/2025\\\/02\\\/logo-levmilk-bright.svg\",\"contentUrl\":\"https:\\\/\\\/levmilk.sk\\\/wp-content\\\/uploads\\\/2025\\\/02\\\/logo-levmilk-bright.svg\",\"caption\":\"LEVICK\u00c9 MLIEK\u00c1RNE a.s.\"},\"image\":{\"@id\":\"https:\\\/\\\/levmilk.sk\\\/en\\\/#\\\/schema\\\/logo\\\/image\\\/\"},\"sameAs\":[\"https:\\\/\\\/www.facebook.com\\\/levickemliekarne\\\/\",\"https:\\\/\\\/www.instagram.com\\\/levmilk\\\/\",\"https:\\\/\\\/www.youtube.com\\\/channel\\\/UCVHLqQlAiWGTtBhAIG1gxpw\\\/videos\"]}]}<\/script>\n<!-- \/ Yoast SEO plugin. -->","yoast_head_json":{"title":"TEKOVSK\u00dd SAL\u00c1MOV\u00dd SYR Smoked Block XXL Pack 350g - Levmilk | LEVICK\u00c9 MLIEK\u00c1RNE a.s.","robots":{"index":"index","follow":"follow","max-snippet":"max-snippet:-1","max-image-preview":"max-image-preview:large","max-video-preview":"max-video-preview:-1"},"canonical":"https:\/\/levmilk.sk\/en\/produkt\/tekovsky-salamovy-syr-smoked-block-xxl-pack-350g\/","og_locale":"en_US","og_type":"article","og_title":"TEKOVSK\u00dd SAL\u00c1MOV\u00dd SYR Smoked Block XXL Pack 350g - Levmilk | LEVICK\u00c9 MLIEK\u00c1RNE a.s.","og_description":"350 g TEKOVSK\u00dd SAL\u00c1MOV\u00dd SYR is the primary and most renowned representative of our company&#8217;s natural aged cheeses. It is made exclusively from Slovak cow&#8217;s milk, carefully produced by farmers, mainly from the Tekov region. It contains no vegetable fats, preservatives, or artificial colors. It is produced using traditional methods with a high proportion of [&hellip;]","og_url":"https:\/\/levmilk.sk\/en\/produkt\/tekovsky-salamovy-syr-smoked-block-xxl-pack-350g\/","og_site_name":"Levmilk | LEVICK\u00c9 MLIEK\u00c1RNE a.s.","article_publisher":"https:\/\/www.facebook.com\/levickemliekarne\/","og_image":[{"width":700,"height":700,"url":"https:\/\/levmilk.sk\/wp-content\/uploads\/2025\/02\/3d_Salamovy-syr-UDENY-blok.webp","type":"image\/webp"}],"twitter_card":"summary_large_image","twitter_misc":{"Est. reading time":"1 minute"},"schema":{"@context":"https:\/\/schema.org","@graph":[{"@type":"WebPage","@id":"https:\/\/levmilk.sk\/en\/produkt\/tekovsky-salamovy-syr-smoked-block-xxl-pack-350g\/","url":"https:\/\/levmilk.sk\/en\/produkt\/tekovsky-salamovy-syr-smoked-block-xxl-pack-350g\/","name":"TEKOVSK\u00dd SAL\u00c1MOV\u00dd SYR Smoked Block XXL Pack 350g - Levmilk | LEVICK\u00c9 MLIEK\u00c1RNE a.s.","isPartOf":{"@id":"https:\/\/levmilk.sk\/en\/#website"},"primaryImageOfPage":{"@id":"https:\/\/levmilk.sk\/en\/produkt\/tekovsky-salamovy-syr-smoked-block-xxl-pack-350g\/#primaryimage"},"image":{"@id":"https:\/\/levmilk.sk\/en\/produkt\/tekovsky-salamovy-syr-smoked-block-xxl-pack-350g\/#primaryimage"},"thumbnailUrl":"https:\/\/levmilk.sk\/wp-content\/uploads\/2025\/02\/3d_Salamovy-syr-UDENY-blok.webp","datePublished":"2025-02-18T21:52:20+00:00","breadcrumb":{"@id":"https:\/\/levmilk.sk\/en\/produkt\/tekovsky-salamovy-syr-smoked-block-xxl-pack-350g\/#breadcrumb"},"inLanguage":"en-US","potentialAction":[{"@type":"ReadAction","target":["https:\/\/levmilk.sk\/en\/produkt\/tekovsky-salamovy-syr-smoked-block-xxl-pack-350g\/"]}]},{"@type":"ImageObject","inLanguage":"en-US","@id":"https:\/\/levmilk.sk\/en\/produkt\/tekovsky-salamovy-syr-smoked-block-xxl-pack-350g\/#primaryimage","url":"https:\/\/levmilk.sk\/wp-content\/uploads\/2025\/02\/3d_Salamovy-syr-UDENY-blok.webp","contentUrl":"https:\/\/levmilk.sk\/wp-content\/uploads\/2025\/02\/3d_Salamovy-syr-UDENY-blok.webp","width":700,"height":700,"caption":"Levmilk - TEKOVSK\u00dd SAL\u00c1MOV\u00dd SYR \u00faden\u00fd blok XXL balenie 350g"},{"@type":"BreadcrumbList","@id":"https:\/\/levmilk.sk\/en\/produkt\/tekovsky-salamovy-syr-smoked-block-xxl-pack-350g\/#breadcrumb","itemListElement":[{"@type":"ListItem","position":1,"name":"Domovsk\u00e1 str\u00e1nka","item":"https:\/\/levmilk.sk\/en\/"},{"@type":"ListItem","position":2,"name":"Shop","item":"https:\/\/levmilk.sk\/en\/shop\/"},{"@type":"ListItem","position":3,"name":"TEKOVSK\u00dd SAL\u00c1MOV\u00dd SYR Smoked Block XXL Pack 350g"}]},{"@type":"WebSite","@id":"https:\/\/levmilk.sk\/en\/#website","url":"https:\/\/levmilk.sk\/en\/","name":"Levmilk","description":"","publisher":{"@id":"https:\/\/levmilk.sk\/en\/#organization"},"potentialAction":[{"@type":"SearchAction","target":{"@type":"EntryPoint","urlTemplate":"https:\/\/levmilk.sk\/en\/?s={search_term_string}"},"query-input":{"@type":"PropertyValueSpecification","valueRequired":true,"valueName":"search_term_string"}}],"inLanguage":"en-US"},{"@type":"Organization","@id":"https:\/\/levmilk.sk\/en\/#organization","name":"LEVICK\u00c9 MLIEK\u00c1RNE a.s.","url":"https:\/\/levmilk.sk\/en\/","logo":{"@type":"ImageObject","inLanguage":"en-US","@id":"https:\/\/levmilk.sk\/en\/#\/schema\/logo\/image\/","url":"https:\/\/levmilk.sk\/wp-content\/uploads\/2025\/02\/logo-levmilk-bright.svg","contentUrl":"https:\/\/levmilk.sk\/wp-content\/uploads\/2025\/02\/logo-levmilk-bright.svg","caption":"LEVICK\u00c9 MLIEK\u00c1RNE a.s."},"image":{"@id":"https:\/\/levmilk.sk\/en\/#\/schema\/logo\/image\/"},"sameAs":["https:\/\/www.facebook.com\/levickemliekarne\/","https:\/\/www.instagram.com\/levmilk\/","https:\/\/www.youtube.com\/channel\/UCVHLqQlAiWGTtBhAIG1gxpw\/videos"]}]}},"_links":{"self":[{"href":"https:\/\/levmilk.sk\/en\/wp-json\/wp\/v2\/product\/11666","targetHints":{"allow":["GET"]}}],"collection":[{"href":"https:\/\/levmilk.sk\/en\/wp-json\/wp\/v2\/product"}],"about":[{"href":"https:\/\/levmilk.sk\/en\/wp-json\/wp\/v2\/types\/product"}],"wp:featuredmedia":[{"embeddable":true,"href":"https:\/\/levmilk.sk\/en\/wp-json\/wp\/v2\/media\/10464"}],"wp:attachment":[{"href":"https:\/\/levmilk.sk\/en\/wp-json\/wp\/v2\/media?parent=11666"}],"wp:term":[{"taxonomy":"product_brand","embeddable":true,"href":"https:\/\/levmilk.sk\/en\/wp-json\/wp\/v2\/product_brand?post=11666"},{"taxonomy":"product_cat","embeddable":true,"href":"https:\/\/levmilk.sk\/en\/wp-json\/wp\/v2\/product_cat?post=11666"},{"taxonomy":"product_tag","embeddable":true,"href":"https:\/\/levmilk.sk\/en\/wp-json\/wp\/v2\/product_tag?post=11666"}],"curies":[{"name":"wp","href":"https:\/\/api.w.org\/{rel}","templated":true}]}}