{"id":11696,"date":"2025-02-13T17:08:45","date_gmt":"2025-02-13T16:08:45","guid":{"rendered":"https:\/\/levmilk.sk\/produkt\/babicka-butter-2\/"},"modified":"2025-02-13T17:08:45","modified_gmt":"2025-02-13T16:08:45","slug":"babicka-butter-2","status":"publish","type":"product","link":"https:\/\/levmilk.sk\/en\/produkt\/babicka-butter-2\/","title":{"rendered":"BABI\u010cKA Butter"},"content":{"rendered":"<div class=\"hmotnost\">250 g<\/div>\n<div><\/div>\n<p>BABI\u010cKA BUTTER, like Babi\u010dka Cream, is a high-quality Slovak product. It is characterized by its distinctive smooth, slightly spreadable consistency, milky aroma, and delicious milk flavor. It should definitely not be missing from the diet of both adults and children due to its health-beneficial properties, which it achieves thanks to its content of lauric acid, which has a preventive effect against heart and vascular diseases, and linoleic acid, which helps in muscle building and strengthens the immune system.  <\/p>\n<div class=\"zlozenie-nadpis\">Product ingredients:<\/div>\n<div class=\"zlozenie\">pasteurized <strong>cream<\/strong><\/div>\n<div><\/div>\n<table class=\"tabulka\">\n<thead>\n<tr>\n<th>Nutrition facts table per 100g<\/th>\n<th><\/th>\n<th>* % RI<\/th>\n<\/tr>\n<\/thead>\n<tbody>\n<tr>\n<td>Energy<\/td>\n<td>3060 kJ \/ 744 kcal<\/td>\n<td>37<\/td>\n<\/tr>\n<\/tbody>\n<tbody>\n<tr>\n<td>Fat<\/td>\n<td>83 g<\/td>\n<td>119<\/td>\n<\/tr>\n<\/tbody>\n<tbody>\n<tr>\n<td>Of which saturated fatty acids<\/td>\n<td>50 g<\/td>\n<td>250<\/td>\n<\/tr>\n<\/tbody>\n<tbody>\n<tr>\n<td>Carbohydrates<\/td>\n<td>&lt;1.0 g<\/td>\n<td>&lt;0.5<\/td>\n<\/tr>\n<\/tbody>\n<tbody>\n<tr>\n<td>Of which sugars<\/td>\n<td>0.9 g<\/td>\n<td>1<\/td>\n<\/tr>\n<\/tbody>\n<tbody>\n<tr>\n<td>Protein<\/td>\n<td>&lt;1.0 g<\/td>\n<td>2<\/td>\n<\/tr>\n<\/tbody>\n<tbody>\n<tr>\n<td>Salt<\/td>\n<td>0.05 g<\/td>\n<td>0.8<\/td>\n<\/tr>\n<\/tbody>\n<\/table>\n<div><\/div>\n<div class=\"zlozenie-nadpis\">Logistic data:<\/div>\n<div class=\"zlozenie\">EAN: 8585000901028, Shelf life: 60 days, Packaging: 16 pcs\/carton<\/div>\n","protected":false},"excerpt":{"rendered":"<p>250 g BABI\u010cKA BUTTER, like Babi\u010dka Cream, is a high-quality Slovak product. It is characterized by its distinctive smooth, slightly spreadable consistency, milky aroma, and delicious milk flavor. It should definitely not be missing from the diet of both adults and children due to its health-beneficial properties, which it achieves thanks to its content of [&hellip;]<\/p>\n","protected":false},"featured_media":11699,"template":"","meta":{"_acf_changed":false},"product_brand":[],"product_cat":[94],"product_tag":[90,83],"class_list":{"0":"post-11696","1":"product","2":"type-product","3":"status-publish","4":"has-post-thumbnail","6":"product_cat-fresh-range","7":"product_tag-gold","8":"product_tag-grandma","10":"first","11":"instock","12":"shipping-taxable","13":"product-type-simple"},"acf":[],"yoast_head":"<!-- This site is optimized with the Yoast SEO plugin v27.4 - https:\/\/yoast.com\/product\/yoast-seo-wordpress\/ -->\n<title>BABI\u010cKA Butter - Levmilk | LEVICK\u00c9 MLIEK\u00c1RNE a.s.<\/title>\n<meta name=\"robots\" content=\"index, follow, max-snippet:-1, max-image-preview:large, max-video-preview:-1\" \/>\n<link rel=\"canonical\" href=\"https:\/\/levmilk.sk\/en\/produkt\/babicka-butter-2\/\" \/>\n<meta property=\"og:locale\" content=\"en_US\" \/>\n<meta property=\"og:type\" content=\"article\" \/>\n<meta property=\"og:title\" content=\"BABI\u010cKA Butter - Levmilk | LEVICK\u00c9 MLIEK\u00c1RNE a.s.\" \/>\n<meta property=\"og:description\" content=\"250 g BABI\u010cKA BUTTER, like Babi\u010dka Cream, is a high-quality Slovak product. It is characterized by its distinctive smooth, slightly spreadable consistency, milky aroma, and delicious milk flavor. It should definitely not be missing from the diet of both adults and children due to its health-beneficial properties, which it achieves thanks to its content of [&hellip;]\" \/>\n<meta property=\"og:url\" content=\"https:\/\/levmilk.sk\/en\/produkt\/babicka-butter-2\/\" \/>\n<meta property=\"og:site_name\" content=\"Levmilk | LEVICK\u00c9 MLIEK\u00c1RNE a.s.\" \/>\n<meta property=\"article:publisher\" content=\"https:\/\/www.facebook.com\/levickemliekarne\/\" \/>\n<meta property=\"og:image\" content=\"https:\/\/levmilk.sk\/wp-content\/uploads\/2025\/02\/BABICKA-MASLO.webp\" \/>\n\t<meta property=\"og:image:width\" content=\"700\" \/>\n\t<meta property=\"og:image:height\" content=\"700\" \/>\n\t<meta property=\"og:image:type\" content=\"image\/webp\" \/>\n<meta name=\"twitter:card\" content=\"summary_large_image\" \/>\n<meta name=\"twitter:label1\" content=\"Est. reading time\" \/>\n\t<meta name=\"twitter:data1\" content=\"1 minute\" \/>\n<script type=\"application\/ld+json\" class=\"yoast-schema-graph\">{\"@context\":\"https:\\\/\\\/schema.org\",\"@graph\":[{\"@type\":\"WebPage\",\"@id\":\"https:\\\/\\\/levmilk.sk\\\/en\\\/produkt\\\/babicka-butter-2\\\/\",\"url\":\"https:\\\/\\\/levmilk.sk\\\/en\\\/produkt\\\/babicka-butter-2\\\/\",\"name\":\"BABI\u010cKA Butter - Levmilk | LEVICK\u00c9 MLIEK\u00c1RNE a.s.\",\"isPartOf\":{\"@id\":\"https:\\\/\\\/levmilk.sk\\\/en\\\/#website\"},\"primaryImageOfPage\":{\"@id\":\"https:\\\/\\\/levmilk.sk\\\/en\\\/produkt\\\/babicka-butter-2\\\/#primaryimage\"},\"image\":{\"@id\":\"https:\\\/\\\/levmilk.sk\\\/en\\\/produkt\\\/babicka-butter-2\\\/#primaryimage\"},\"thumbnailUrl\":\"https:\\\/\\\/levmilk.sk\\\/wp-content\\\/uploads\\\/2025\\\/02\\\/BABICKA-MASLO.webp\",\"datePublished\":\"2025-02-13T16:08:45+00:00\",\"breadcrumb\":{\"@id\":\"https:\\\/\\\/levmilk.sk\\\/en\\\/produkt\\\/babicka-butter-2\\\/#breadcrumb\"},\"inLanguage\":\"en-US\",\"potentialAction\":[{\"@type\":\"ReadAction\",\"target\":[\"https:\\\/\\\/levmilk.sk\\\/en\\\/produkt\\\/babicka-butter-2\\\/\"]}]},{\"@type\":\"ImageObject\",\"inLanguage\":\"en-US\",\"@id\":\"https:\\\/\\\/levmilk.sk\\\/en\\\/produkt\\\/babicka-butter-2\\\/#primaryimage\",\"url\":\"https:\\\/\\\/levmilk.sk\\\/wp-content\\\/uploads\\\/2025\\\/02\\\/BABICKA-MASLO.webp\",\"contentUrl\":\"https:\\\/\\\/levmilk.sk\\\/wp-content\\\/uploads\\\/2025\\\/02\\\/BABICKA-MASLO.webp\",\"width\":700,\"height\":700,\"caption\":\"Levmilk - Grandma Butter 250 g\"},{\"@type\":\"BreadcrumbList\",\"@id\":\"https:\\\/\\\/levmilk.sk\\\/en\\\/produkt\\\/babicka-butter-2\\\/#breadcrumb\",\"itemListElement\":[{\"@type\":\"ListItem\",\"position\":1,\"name\":\"Domovsk\u00e1 str\u00e1nka\",\"item\":\"https:\\\/\\\/levmilk.sk\\\/en\\\/\"},{\"@type\":\"ListItem\",\"position\":2,\"name\":\"Shop\",\"item\":\"https:\\\/\\\/levmilk.sk\\\/en\\\/shop\\\/\"},{\"@type\":\"ListItem\",\"position\":3,\"name\":\"BABI\u010cKA Butter\"}]},{\"@type\":\"WebSite\",\"@id\":\"https:\\\/\\\/levmilk.sk\\\/en\\\/#website\",\"url\":\"https:\\\/\\\/levmilk.sk\\\/en\\\/\",\"name\":\"Levmilk\",\"description\":\"\",\"publisher\":{\"@id\":\"https:\\\/\\\/levmilk.sk\\\/en\\\/#organization\"},\"potentialAction\":[{\"@type\":\"SearchAction\",\"target\":{\"@type\":\"EntryPoint\",\"urlTemplate\":\"https:\\\/\\\/levmilk.sk\\\/en\\\/?s={search_term_string}\"},\"query-input\":{\"@type\":\"PropertyValueSpecification\",\"valueRequired\":true,\"valueName\":\"search_term_string\"}}],\"inLanguage\":\"en-US\"},{\"@type\":\"Organization\",\"@id\":\"https:\\\/\\\/levmilk.sk\\\/en\\\/#organization\",\"name\":\"LEVICK\u00c9 MLIEK\u00c1RNE a.s.\",\"url\":\"https:\\\/\\\/levmilk.sk\\\/en\\\/\",\"logo\":{\"@type\":\"ImageObject\",\"inLanguage\":\"en-US\",\"@id\":\"https:\\\/\\\/levmilk.sk\\\/en\\\/#\\\/schema\\\/logo\\\/image\\\/\",\"url\":\"https:\\\/\\\/levmilk.sk\\\/wp-content\\\/uploads\\\/2025\\\/02\\\/logo-levmilk-bright.svg\",\"contentUrl\":\"https:\\\/\\\/levmilk.sk\\\/wp-content\\\/uploads\\\/2025\\\/02\\\/logo-levmilk-bright.svg\",\"caption\":\"LEVICK\u00c9 MLIEK\u00c1RNE a.s.\"},\"image\":{\"@id\":\"https:\\\/\\\/levmilk.sk\\\/en\\\/#\\\/schema\\\/logo\\\/image\\\/\"},\"sameAs\":[\"https:\\\/\\\/www.facebook.com\\\/levickemliekarne\\\/\",\"https:\\\/\\\/www.instagram.com\\\/levmilk\\\/\",\"https:\\\/\\\/www.youtube.com\\\/channel\\\/UCVHLqQlAiWGTtBhAIG1gxpw\\\/videos\"]}]}<\/script>\n<!-- \/ Yoast SEO plugin. -->","yoast_head_json":{"title":"BABI\u010cKA Butter - Levmilk | LEVICK\u00c9 MLIEK\u00c1RNE a.s.","robots":{"index":"index","follow":"follow","max-snippet":"max-snippet:-1","max-image-preview":"max-image-preview:large","max-video-preview":"max-video-preview:-1"},"canonical":"https:\/\/levmilk.sk\/en\/produkt\/babicka-butter-2\/","og_locale":"en_US","og_type":"article","og_title":"BABI\u010cKA Butter - Levmilk | LEVICK\u00c9 MLIEK\u00c1RNE a.s.","og_description":"250 g BABI\u010cKA BUTTER, like Babi\u010dka Cream, is a high-quality Slovak product. It is characterized by its distinctive smooth, slightly spreadable consistency, milky aroma, and delicious milk flavor. It should definitely not be missing from the diet of both adults and children due to its health-beneficial properties, which it achieves thanks to its content of [&hellip;]","og_url":"https:\/\/levmilk.sk\/en\/produkt\/babicka-butter-2\/","og_site_name":"Levmilk | LEVICK\u00c9 MLIEK\u00c1RNE a.s.","article_publisher":"https:\/\/www.facebook.com\/levickemliekarne\/","og_image":[{"width":700,"height":700,"url":"https:\/\/levmilk.sk\/wp-content\/uploads\/2025\/02\/BABICKA-MASLO.webp","type":"image\/webp"}],"twitter_card":"summary_large_image","twitter_misc":{"Est. reading time":"1 minute"},"schema":{"@context":"https:\/\/schema.org","@graph":[{"@type":"WebPage","@id":"https:\/\/levmilk.sk\/en\/produkt\/babicka-butter-2\/","url":"https:\/\/levmilk.sk\/en\/produkt\/babicka-butter-2\/","name":"BABI\u010cKA Butter - Levmilk | LEVICK\u00c9 MLIEK\u00c1RNE a.s.","isPartOf":{"@id":"https:\/\/levmilk.sk\/en\/#website"},"primaryImageOfPage":{"@id":"https:\/\/levmilk.sk\/en\/produkt\/babicka-butter-2\/#primaryimage"},"image":{"@id":"https:\/\/levmilk.sk\/en\/produkt\/babicka-butter-2\/#primaryimage"},"thumbnailUrl":"https:\/\/levmilk.sk\/wp-content\/uploads\/2025\/02\/BABICKA-MASLO.webp","datePublished":"2025-02-13T16:08:45+00:00","breadcrumb":{"@id":"https:\/\/levmilk.sk\/en\/produkt\/babicka-butter-2\/#breadcrumb"},"inLanguage":"en-US","potentialAction":[{"@type":"ReadAction","target":["https:\/\/levmilk.sk\/en\/produkt\/babicka-butter-2\/"]}]},{"@type":"ImageObject","inLanguage":"en-US","@id":"https:\/\/levmilk.sk\/en\/produkt\/babicka-butter-2\/#primaryimage","url":"https:\/\/levmilk.sk\/wp-content\/uploads\/2025\/02\/BABICKA-MASLO.webp","contentUrl":"https:\/\/levmilk.sk\/wp-content\/uploads\/2025\/02\/BABICKA-MASLO.webp","width":700,"height":700,"caption":"Levmilk - Grandma Butter 250 g"},{"@type":"BreadcrumbList","@id":"https:\/\/levmilk.sk\/en\/produkt\/babicka-butter-2\/#breadcrumb","itemListElement":[{"@type":"ListItem","position":1,"name":"Domovsk\u00e1 str\u00e1nka","item":"https:\/\/levmilk.sk\/en\/"},{"@type":"ListItem","position":2,"name":"Shop","item":"https:\/\/levmilk.sk\/en\/shop\/"},{"@type":"ListItem","position":3,"name":"BABI\u010cKA Butter"}]},{"@type":"WebSite","@id":"https:\/\/levmilk.sk\/en\/#website","url":"https:\/\/levmilk.sk\/en\/","name":"Levmilk","description":"","publisher":{"@id":"https:\/\/levmilk.sk\/en\/#organization"},"potentialAction":[{"@type":"SearchAction","target":{"@type":"EntryPoint","urlTemplate":"https:\/\/levmilk.sk\/en\/?s={search_term_string}"},"query-input":{"@type":"PropertyValueSpecification","valueRequired":true,"valueName":"search_term_string"}}],"inLanguage":"en-US"},{"@type":"Organization","@id":"https:\/\/levmilk.sk\/en\/#organization","name":"LEVICK\u00c9 MLIEK\u00c1RNE a.s.","url":"https:\/\/levmilk.sk\/en\/","logo":{"@type":"ImageObject","inLanguage":"en-US","@id":"https:\/\/levmilk.sk\/en\/#\/schema\/logo\/image\/","url":"https:\/\/levmilk.sk\/wp-content\/uploads\/2025\/02\/logo-levmilk-bright.svg","contentUrl":"https:\/\/levmilk.sk\/wp-content\/uploads\/2025\/02\/logo-levmilk-bright.svg","caption":"LEVICK\u00c9 MLIEK\u00c1RNE a.s."},"image":{"@id":"https:\/\/levmilk.sk\/en\/#\/schema\/logo\/image\/"},"sameAs":["https:\/\/www.facebook.com\/levickemliekarne\/","https:\/\/www.instagram.com\/levmilk\/","https:\/\/www.youtube.com\/channel\/UCVHLqQlAiWGTtBhAIG1gxpw\/videos"]}]}},"_links":{"self":[{"href":"https:\/\/levmilk.sk\/en\/wp-json\/wp\/v2\/product\/11696","targetHints":{"allow":["GET"]}}],"collection":[{"href":"https:\/\/levmilk.sk\/en\/wp-json\/wp\/v2\/product"}],"about":[{"href":"https:\/\/levmilk.sk\/en\/wp-json\/wp\/v2\/types\/product"}],"wp:featuredmedia":[{"embeddable":true,"href":"https:\/\/levmilk.sk\/en\/wp-json\/wp\/v2\/media\/11699"}],"wp:attachment":[{"href":"https:\/\/levmilk.sk\/en\/wp-json\/wp\/v2\/media?parent=11696"}],"wp:term":[{"taxonomy":"product_brand","embeddable":true,"href":"https:\/\/levmilk.sk\/en\/wp-json\/wp\/v2\/product_brand?post=11696"},{"taxonomy":"product_cat","embeddable":true,"href":"https:\/\/levmilk.sk\/en\/wp-json\/wp\/v2\/product_cat?post=11696"},{"taxonomy":"product_tag","embeddable":true,"href":"https:\/\/levmilk.sk\/en\/wp-json\/wp\/v2\/product_tag?post=11696"}],"curies":[{"name":"wp","href":"https:\/\/api.w.org\/{rel}","templated":true}]}}